{"id":723,"date":"2026-03-06T17:35:43","date_gmt":"2026-03-06T17:35:43","guid":{"rendered":"https:\/\/racescueladepilotos.com.ar\/?page_id=723"},"modified":"2026-03-13T02:08:25","modified_gmt":"2026-03-13T02:08:25","slug":"723-2","status":"publish","type":"page","link":"https:\/\/racescueladepilotos.com.ar\/index.php\/723-2\/","title":{"rendered":"1 a 1"},"content":{"rendered":"<p>[et_pb_section fb_built=\u00bb1&#8243; custom_padding_last_edited=\u00bbon|phone\u00bb next_background_color=\u00bb#ffffff\u00bb admin_label=\u00bbHeader\u00bb _builder_version=\u00bb4.27.5&#8243; _module_preset=\u00bbdefault\u00bb background_color=\u00bb#E09900&#8243; use_background_color_gradient=\u00bbon\u00bb background_color_gradient_type=\u00bbcircular\u00bb background_color_gradient_direction_radial=\u00bbbottom\u00bb background_color_gradient_stops=\u00bbrgba(255,255,255,0) 46%|#8300e9 100%\u00bb background_color_gradient_overlays_image=\u00bbon\u00bb background_color_gradient_start=\u00bbrgba(0,0,0,0.8)\u00bb background_color_gradient_end=\u00bbrgba(0,0,0,0.8)\u00bb background_image=\u00bbhttps:\/\/racescueladepilotos.com.ar\/wp-content\/uploads\/2026\/03\/objectivos3.jpg\u00bb parallax=\u00bbon\u00bb parallax_method=\u00bboff\u00bb custom_padding=\u00bb120px||0px||false|false\u00bb custom_padding_tablet=\u00bb80px||||false|false\u00bb custom_padding_phone=\u00bb60px||||false|false\u00bb bottom_divider_style=\u00bbramp\u00bb bottom_divider_flip=\u00bbhorizontal\u00bb locked=\u00bboff\u00bb global_colors_info=\u00bb{}\u00bb][et_pb_row _builder_version=\u00bb4.16&#8243; _module_preset=\u00bbdefault\u00bb global_colors_info=\u00bb{}\u00bb][et_pb_column type=\u00bb4_4&#8243; _builder_version=\u00bb4.16&#8243; _module_preset=\u00bbdefault\u00bb global_colors_info=\u00bb{}\u00bb][et_pb_text _builder_version=\u00bb4.27.5&#8243; _module_preset=\u00bbdefault\u00bb header_font=\u00bbMontserrat|900|on|on|||||\u00bb header_text_color=\u00bb#D5FF00&#8243; header_font_size=\u00bb165px\u00bb header_line_height=\u00bb0.7em\u00bb header_font_size_tablet=\u00bb60px\u00bb header_font_size_phone=\u00bb30px\u00bb header_font_size_last_edited=\u00bbon|phone\u00bb global_colors_info=\u00bb{%22gcid-5fba0126-308f-4f42-aa94-6c5d80831bca%22:%91%93}\u00bb]<\/p>\n<h1><span style=\"color: #ffffff;\">coaching <br \/>personal<\/span><\/h1>\n<p>[\/et_pb_text][\/et_pb_column][\/et_pb_row][et_pb_row column_structure=\u00bb3_5,2_5&#8243; use_custom_gutter=\u00bbon\u00bb gutter_width=\u00bb1&#8243; make_equal=\u00bbon\u00bb _builder_version=\u00bb4.27.5&#8243; _module_preset=\u00bbdefault\u00bb background_enable_color=\u00bboff\u00bb custom_margin=\u00bb100px||||false|false\u00bb custom_margin_tablet=\u00bb60px||||false|false\u00bb custom_margin_phone=\u00bb20px||||false|false\u00bb custom_margin_last_edited=\u00bbon|phone\u00bb custom_padding=\u00bb0px||0px||true|false\u00bb box_shadow_style=\u00bbpreset4&#8243; box_shadow_horizontal=\u00bb-20vw\u00bb box_shadow_vertical=\u00bb0px\u00bb box_shadow_color=\u00bb#FFFFFF\u00bb box_shadow_horizontal_tablet=\u00bb0vw\u00bb box_shadow_horizontal_phone=\u00bb\u00bb box_shadow_horizontal_last_edited=\u00bbon|phone\u00bb global_colors_info=\u00bb{}\u00bb][et_pb_column type=\u00bb3_5&#8243; _builder_version=\u00bb4.27.5&#8243; _module_preset=\u00bbdefault\u00bb use_background_color_gradient=\u00bbon\u00bb background_color_gradient_direction=\u00bb90deg\u00bb background_color_gradient_stops=\u00bb#0c13d1 0%|rgba(255,255,255,0) 60%\u00bb background_color_gradient_overlays_image=\u00bbon\u00bb background_color_gradient_start=\u00bb#ffffff\u00bb background_color_gradient_end=\u00bbrgba(255,255,255,0)\u00bb background_image=\u00bbhttps:\/\/racescueladepilotos.com.ar\/wp-content\/uploads\/2026\/03\/J.V.Bianchi_RAC-1.jpg\u00bb global_colors_info=\u00bb{}\u00bb][et_pb_divider color=\u00bb#E02B20&#8243; divider_weight=\u00bb0px\u00bb _builder_version=\u00bb4.22.2&#8243; _module_preset=\u00bb_initial\u00bb background_color=\u00bbRGBA(255,255,255,0)\u00bb min_height=\u00bb400px\u00bb min_height_tablet=\u00bb300px\u00bb min_height_phone=\u00bb180px\u00bb min_height_last_edited=\u00bbon|phone\u00bb global_colors_info=\u00bb{}\u00bb][\/et_pb_divider][\/et_pb_column][et_pb_column type=\u00bb2_5&#8243; _builder_version=\u00bb4.27.5&#8243; _module_preset=\u00bbdefault\u00bb background_color=\u00bb#ff0f0f\u00bb use_background_color_gradient=\u00bbon\u00bb background_color_gradient_direction=\u00bb90deg\u00bb background_color_gradient_stops=\u00bb#2d2ad3 0%|#e02b20 100%\u00bb custom_padding=\u00bb40px|40px|40px|40px|true|true\u00bb custom_padding_tablet=\u00bb40px|40px|40px|40px|true|true\u00bb custom_padding_phone=\u00bb20px|20px|20px|20px|true|true\u00bb custom_padding_last_edited=\u00bbon|phone\u00bb global_colors_info=\u00bb{}\u00bb][et_pb_text _builder_version=\u00bb4.27.5&#8243; _module_preset=\u00bbdefault\u00bb header_font=\u00bb||||||||\u00bb header_3_font=\u00bbSyncopate|700||on|||||\u00bb header_3_text_color=\u00bb#000000&#8243; header_3_font_size=\u00bb26px\u00bb header_3_line_height=\u00bb1.2em\u00bb header_3_font_size_tablet=\u00bb20px\u00bb header_3_font_size_phone=\u00bb16px\u00bb header_3_font_size_last_edited=\u00bbon|desktop\u00bb locked=\u00bboff\u00bb global_colors_info=\u00bb{}\u00bb]<\/p>\n<h3><span style=\"color: #ffffff;\">entrenamiento\u00a0<br \/>uno a uno<\/span><\/h3>\n<p>[\/et_pb_text][et_pb_text _builder_version=\u00bb4.27.5&#8243; _module_preset=\u00bbdefault\u00bb text_font=\u00bb||||||||\u00bb text_text_color=\u00bb#FFFFFF\u00bb text_font_size=\u00bb16px\u00bb text_line_height=\u00bb2.2em\u00bb custom_padding=\u00bb||0px|||\u00bb text_font_size_tablet=\u00bb15px\u00bb text_font_size_phone=\u00bb14px\u00bb text_font_size_last_edited=\u00bbon|desktop\u00bb locked=\u00bboff\u00bb global_colors_info=\u00bb{}\u00bb]<\/p>\n<p><strong>El desarrollo de nuestros Cursos es integramente\u00a0personalizado<\/strong><span>, de este modo hemos optado fundamentalmente por un aprendizaje de calidad y la posibilidad de cursar sin depender de la formaci\u00f3n de grupos. Tan solo tienes que comunicarte previamente para confirmar disponibilidad, brindarnos tus datos de contacto y coordinar la fecha de inicio.<\/span><\/p>\n<p>[\/et_pb_text][\/et_pb_column][\/et_pb_row][\/et_pb_section][et_pb_section fb_built=\u00bb1&#8243; _builder_version=\u00bb4.27.5&#8243; _module_preset=\u00bbdefault\u00bb background_image=\u00bbhttps:\/\/racescueladepilotos.com.ar\/wp-content\/uploads\/2026\/03\/tennis-club-031.png\u00bb min_height=\u00bb791px\u00bb custom_margin=\u00bb||16px|||\u00bb custom_padding=\u00bb||18px|||\u00bb global_colors_info=\u00bb{}\u00bb][et_pb_row column_structure=\u00bb1_2,1_2&#8243; _builder_version=\u00bb4.22.2&#8243; _module_preset=\u00bbdefault\u00bb custom_padding=\u00bb||17px|||\u00bb global_colors_info=\u00bb{}\u00bb][et_pb_column type=\u00bb1_2&#8243; _builder_version=\u00bb4.22.2&#8243; _module_preset=\u00bbdefault\u00bb global_colors_info=\u00bb{}\u00bb][et_pb_text _builder_version=\u00bb4.27.5&#8243; _module_preset=\u00bbdefault\u00bb text_font_size=\u00bb18px\u00bb text_line_height=\u00bb1.1em\u00bb header_text_color=\u00bb#8300E9&#8243; header_font_size=\u00bb47px\u00bb header_letter_spacing=\u00bb7px\u00bb width=\u00bb100%\u00bb custom_margin=\u00bb||34px|||\u00bb global_colors_info=\u00bb{}\u00bb]<\/p>\n<h1><strong>\u00abEl piloto, el auto y la pista, una realidad. <\/p>\n<p>La pr\u00e1ctica es el \u00fanico m\u00e9todo para sentir y comprender la conducci\u00f3n y los l\u00edmites del auto\u00bb<\/strong><\/h1>\n<p>[\/et_pb_text][\/et_pb_column][et_pb_column type=\u00bb1_2&#8243; _builder_version=\u00bb4.22.2&#8243; _module_preset=\u00bbdefault\u00bb global_colors_info=\u00bb{}\u00bb][\/et_pb_column][\/et_pb_row][\/et_pb_section][et_pb_section fb_built=\u00bb1&#8243; _builder_version=\u00bb4.27.5&#8243; _module_preset=\u00bbdefault\u00bb use_background_color_gradient=\u00bbon\u00bb background_color_gradient_stops=\u00bb#1c008e 0%|#8300e9 100%\u00bb custom_margin=\u00bb12px|||||\u00bb custom_padding=\u00bb97px||8px|||\u00bb top_divider_style=\u00bbwave\u00bb top_divider_color=\u00bb#FFFFFF\u00bb top_divider_height=\u00bb130px\u00bb top_divider_repeat=\u00bb2x\u00bb top_divider_flip=\u00bbvertical\u00bb locked=\u00bboff\u00bb global_colors_info=\u00bb{}\u00bb][et_pb_row _builder_version=\u00bb4.27.5&#8243; _module_preset=\u00bbdefault\u00bb custom_padding=\u00bb10px||31px|||\u00bb global_colors_info=\u00bb{}\u00bb][et_pb_column type=\u00bb4_4&#8243; _builder_version=\u00bb4.27.5&#8243; _module_preset=\u00bbdefault\u00bb global_colors_info=\u00bb{}\u00bb][et_pb_button button_url=\u00bbhttps:\/\/wa.me\/5491165330413\/?text=M\u00e1s%20info,%20por%20favor\u00bb url_new_window=\u00bbon\u00bb button_text=\u00bbinfo x whatssapp\u00bb button_alignment=\u00bbcenter\u00bb _builder_version=\u00bb4.27.6&#8243; _module_preset=\u00bbdefault\u00bb custom_button=\u00bbon\u00bb button_text_size=\u00bb14px\u00bb button_text_color=\u00bb#000000&#8243; button_bg_color=\u00bb#7CDA24&#8243; button_border_width=\u00bb0px\u00bb button_border_radius=\u00bb0px\u00bb button_letter_spacing=\u00bb2px\u00bb button_font=\u00bbSyncopate|700||on|||||\u00bb button_use_icon=\u00bboff\u00bb custom_padding=\u00bb18px|30px|18px|30px|true|true\u00bb custom_padding_tablet=\u00bb16px|25px|16px|25px|true|true\u00bb custom_padding_phone=\u00bb14px|20px|14px|20px|true|true\u00bb custom_padding_last_edited=\u00bbon|phone\u00bb hover_enabled=\u00bb0&#8243; global_colors_info=\u00bb{}\u00bb button_text_color__hover=\u00bb#D5FF00&#8243; button_text_color__hover_enabled=\u00bbon|hover\u00bb sticky_enabled=\u00bb0&#8243;][\/et_pb_button][et_pb_text _builder_version=\u00bb4.27.5&#8243; _module_preset=\u00bbdefault\u00bb text_font_size=\u00bb20px\u00bb text_orientation=\u00bbcenter\u00bb global_colors_info=\u00bb{}\u00bb]<\/p>\n<p><span style=\"text-decoration: underline; color: #ffffff;\"><strong>Contacto por correo electr\u00f3nico:<\/strong><\/span><\/p>\n<p><span><span><\/span><\/span><\/p>\n<p><span><span id=\"cloaka6ec4aba6d0cb7ba62a33ba3d87c5d29\"><a href=\"mailto:escueladepilotos@jbianchirac.com.ar\">escueladepilotos@jbianchirac.com.ar<\/a><\/span><\/span><\/p>\n<p><span><span id=\"cloaka6ec4aba6d0cb7ba62a33ba3d87c5d29\"><\/span><\/span><span><span id=\"cloakd3571d1e85e1868a8611e8a22e763ad3\"><a href=\"mailto:rac@racingadvancedcourse.com\">rac@racingadvancedcourse.com<\/a><\/span><\/span><\/p>\n<p>[\/et_pb_text][\/et_pb_column][\/et_pb_row][\/et_pb_section]<\/p>\n","protected":false},"excerpt":{"rendered":"<p>coaching personalentrenamiento\u00a0uno a unoEl desarrollo de nuestros Cursos es integramente\u00a0personalizado, de este modo hemos optado fundamentalmente por un aprendizaje de calidad y la posibilidad de cursar sin depender de la formaci\u00f3n de grupos. Tan solo tienes que comunicarte previamente para confirmar disponibilidad, brindarnos tus datos de contacto y coordinar la fecha de inicio.\u00bbEl piloto, el [&hellip;]<\/p>\n","protected":false},"author":1,"featured_media":0,"parent":0,"menu_order":0,"comment_status":"closed","ping_status":"closed","template":"","meta":{"_et_pb_use_builder":"on","_et_pb_old_content":"","_et_gb_content_width":"","footnotes":""},"class_list":["post-723","page","type-page","status-publish","hentry"],"_links":{"self":[{"href":"https:\/\/racescueladepilotos.com.ar\/index.php\/wp-json\/wp\/v2\/pages\/723","targetHints":{"allow":["GET"]}}],"collection":[{"href":"https:\/\/racescueladepilotos.com.ar\/index.php\/wp-json\/wp\/v2\/pages"}],"about":[{"href":"https:\/\/racescueladepilotos.com.ar\/index.php\/wp-json\/wp\/v2\/types\/page"}],"author":[{"embeddable":true,"href":"https:\/\/racescueladepilotos.com.ar\/index.php\/wp-json\/wp\/v2\/users\/1"}],"replies":[{"embeddable":true,"href":"https:\/\/racescueladepilotos.com.ar\/index.php\/wp-json\/wp\/v2\/comments?post=723"}],"version-history":[{"count":5,"href":"https:\/\/racescueladepilotos.com.ar\/index.php\/wp-json\/wp\/v2\/pages\/723\/revisions"}],"predecessor-version":[{"id":820,"href":"https:\/\/racescueladepilotos.com.ar\/index.php\/wp-json\/wp\/v2\/pages\/723\/revisions\/820"}],"wp:attachment":[{"href":"https:\/\/racescueladepilotos.com.ar\/index.php\/wp-json\/wp\/v2\/media?parent=723"}],"curies":[{"name":"wp","href":"https:\/\/api.w.org\/{rel}","templated":true}]}}