{"id":717,"date":"2026-03-06T17:31:24","date_gmt":"2026-03-06T17:31:24","guid":{"rendered":"https:\/\/racescueladepilotos.com.ar\/?page_id=717"},"modified":"2026-03-13T02:20:22","modified_gmt":"2026-03-13T02:20:22","slug":"717-2","status":"publish","type":"page","link":"https:\/\/racescueladepilotos.com.ar\/index.php\/717-2\/","title":{"rendered":"TURISMO PISTA"},"content":{"rendered":"<p>[et_pb_section fb_built=\u00bb1&#8243; custom_padding_last_edited=\u00bbon|phone\u00bb admin_label=\u00bbHeader\u00bb _builder_version=\u00bb4.27.5&#8243; _module_preset=\u00bbdefault\u00bb background_color=\u00bbRGBA(255,255,255,0)\u00bb use_background_color_gradient=\u00bbon\u00bb background_color_gradient_type=\u00bbcircular\u00bb background_color_gradient_direction_radial=\u00bbbottom\u00bb background_color_gradient_stops=\u00bbrgba(255,7,7,0.5) 0%|rgba(0,0,0,0.81) 100%\u00bb background_color_gradient_overlays_image=\u00bbon\u00bb background_color_gradient_start=\u00bbrgba(0,0,0,0.8)\u00bb background_color_gradient_end=\u00bbrgba(0,0,0,0.8)\u00bb background_image=\u00bbhttps:\/\/racescueladepilotos.com.ar\/wp-content\/uploads\/2026\/03\/Turismo-Pista-2.jpg\u00bb parallax=\u00bbon\u00bb parallax_method=\u00bboff\u00bb custom_padding=\u00bb120px||0px||false|false\u00bb custom_padding_tablet=\u00bb80px||||false|false\u00bb custom_padding_phone=\u00bb60px||||false|false\u00bb locked=\u00bboff\u00bb global_colors_info=\u00bb{}\u00bb][et_pb_row _builder_version=\u00bb4.16&#8243; _module_preset=\u00bbdefault\u00bb global_colors_info=\u00bb{}\u00bb][et_pb_column type=\u00bb4_4&#8243; _builder_version=\u00bb4.16&#8243; _module_preset=\u00bbdefault\u00bb global_colors_info=\u00bb{}\u00bb][et_pb_text _builder_version=\u00bb4.27.5&#8243; _module_preset=\u00bb77bd6224-541c-4dfa-aa0c-4832456a9557&#8243; header_font=\u00bbMontserrat|900|on|on|||||\u00bb header_text_color=\u00bb#D5FF00&#8243; header_font_size=\u00bb165px\u00bb header_line_height=\u00bb0.7em\u00bb header_font_size_tablet=\u00bb60px\u00bb header_font_size_phone=\u00bb30px\u00bb header_font_size_last_edited=\u00bbon|phone\u00bb global_colors_info=\u00bb{%22gcid-5fba0126-308f-4f42-aa94-6c5d80831bca%22:%91%93}\u00bb]<\/p>\n<h1><span style=\"color: #ffffff;\">\u00a0TURISMO PISTA<\/span><\/h1>\n<p>[\/et_pb_text][\/et_pb_column][\/et_pb_row][et_pb_row column_structure=\u00bb3_5,2_5&#8243; use_custom_gutter=\u00bbon\u00bb gutter_width=\u00bb1&#8243; make_equal=\u00bbon\u00bb _builder_version=\u00bb4.27.5&#8243; _module_preset=\u00bbdefault\u00bb background_color=\u00bb#E02B20&#8243; custom_margin=\u00bb100px||||false|false\u00bb custom_margin_tablet=\u00bb60px||||false|false\u00bb custom_margin_phone=\u00bb20px||||false|false\u00bb custom_margin_last_edited=\u00bbon|phone\u00bb custom_padding=\u00bb0px||0px||true|false\u00bb box_shadow_style=\u00bbpreset4&#8243; box_shadow_horizontal=\u00bb-20vw\u00bb box_shadow_vertical=\u00bb0px\u00bb box_shadow_color=\u00bb#FFFFFF\u00bb box_shadow_horizontal_tablet=\u00bb0vw\u00bb box_shadow_horizontal_phone=\u00bb\u00bb box_shadow_horizontal_last_edited=\u00bbon|phone\u00bb global_colors_info=\u00bb{}\u00bb][et_pb_column type=\u00bb3_5&#8243; _builder_version=\u00bb4.27.5&#8243; _module_preset=\u00bbdefault\u00bb use_background_color_gradient=\u00bbon\u00bb background_color_gradient_direction=\u00bb90deg\u00bb background_color_gradient_stops=\u00bb#0c13d1 0%|rgba(255,255,255,0) 60%\u00bb background_color_gradient_overlays_image=\u00bbon\u00bb background_color_gradient_start=\u00bb#ffffff\u00bb background_color_gradient_end=\u00bbrgba(255,255,255,0)\u00bb background_image=\u00bbhttps:\/\/racescueladepilotos.com.ar\/wp-content\/uploads\/2026\/03\/volante.jpg\u00bb global_colors_info=\u00bb{}\u00bb][et_pb_divider color=\u00bb#E02B20&#8243; divider_weight=\u00bb0px\u00bb _builder_version=\u00bb4.22.2&#8243; _module_preset=\u00bbdefault\u00bb background_color=\u00bbRGBA(255,255,255,0)\u00bb min_height=\u00bb400px\u00bb min_height_tablet=\u00bb300px\u00bb min_height_phone=\u00bb180px\u00bb min_height_last_edited=\u00bbon|phone\u00bb global_colors_info=\u00bb%91%93&#8243;][\/et_pb_divider][\/et_pb_column][et_pb_column type=\u00bb2_5&#8243; _builder_version=\u00bb4.27.5&#8243; _module_preset=\u00bbdefault\u00bb background_color=\u00bb#0c13d1&#8243; custom_padding=\u00bb40px|40px|40px|40px|true|true\u00bb custom_padding_tablet=\u00bb40px|40px|40px|40px|true|true\u00bb custom_padding_phone=\u00bb20px|20px|20px|20px|true|true\u00bb custom_padding_last_edited=\u00bbon|phone\u00bb global_colors_info=\u00bb{}\u00bb][et_pb_text _builder_version=\u00bb4.27.5&#8243; _module_preset=\u00bbabe15537-a205-41f8-9025-7356e956fa93&#8243; header_font=\u00bb||||||||\u00bb header_3_font=\u00bbSyncopate|700||on|||||\u00bb header_3_text_color=\u00bb#000000&#8243; header_3_font_size=\u00bb26px\u00bb header_3_line_height=\u00bb1.2em\u00bb header_3_font_size_tablet=\u00bb20px\u00bb header_3_font_size_phone=\u00bb16px\u00bb header_3_font_size_last_edited=\u00bbon|desktop\u00bb locked=\u00bboff\u00bb global_colors_info=\u00bb{}\u00bb]<\/p>\n<h3><span style=\"color: #ffffff;\">10 clases pr\u00e1cticas en dos etapas &gt;&gt;<\/span><\/h3>\n<p>[\/et_pb_text][et_pb_text _builder_version=\u00bb4.27.5&#8243; _module_preset=\u00bbafe8fc41-dc70-4bf1-b625-17644c79cbc3&#8243; text_font=\u00bb||||||||\u00bb text_text_color=\u00bb#FFFFFF\u00bb text_font_size=\u00bb16px\u00bb text_line_height=\u00bb2.2em\u00bb text_font_size_tablet=\u00bb15px\u00bb text_font_size_phone=\u00bb14px\u00bb text_font_size_last_edited=\u00bbon|desktop\u00bb locked=\u00bboff\u00bb global_colors_info=\u00bb{}\u00bb]<\/p>\n<p><span>Instrucci\u00f3n Personal de Conducci\u00f3n Deportiva de Competici\u00f3n<\/span><span>. <br \/>Comprende una clase inicial te\u00f3rico\/demostrativa, en la que se analiza la correcta posici\u00f3n de manejo, se explican y demuestran las t\u00e9cnicas de conducci\u00f3n y control, analizando al mismo tiempo la informaci\u00f3n que transmite la din\u00e1mica del veh\u00edculo.<\/span><\/p>\n<p>[\/et_pb_text][\/et_pb_column][\/et_pb_row][\/et_pb_section][et_pb_section fb_built=\u00bb1&#8243; admin_label=\u00bbServices\u00bb _builder_version=\u00bb4.22.2&#8243; _module_preset=\u00bbdefault\u00bb background_image=\u00bbhttps:\/\/racescueladepilotos.com.ar\/wp-content\/uploads\/2026\/03\/tennis-club-031.png\u00bb locked=\u00bboff\u00bb global_colors_info=\u00bb{}\u00bb][et_pb_row _builder_version=\u00bb4.16&#8243; _module_preset=\u00bbdefault\u00bb custom_padding=\u00bb||27px|||\u00bb global_colors_info=\u00bb{}\u00bb][et_pb_column type=\u00bb4_4&#8243; _builder_version=\u00bb4.16&#8243; _module_preset=\u00bbdefault\u00bb global_colors_info=\u00bb{}\u00bb][et_pb_text _builder_version=\u00bb4.27.5&#8243; _module_preset=\u00bb81971a75-841c-49d0-bfb5-1ec934ba9dc0&#8243; header_4_font=\u00bbMontserrat|800|on|on|||||\u00bb header_4_text_color=\u00bb#FFFFFF\u00bb header_4_font_size=\u00bb120px\u00bb header_4_line_height=\u00bb1.1em\u00bb text_orientation=\u00bbcenter\u00bb width=\u00bb100%\u00bb custom_margin=\u00bb||-80px||false|false\u00bb custom_margin_tablet=\u00bb||-50px||false|false\u00bb custom_margin_phone=\u00bb||-20px||false|false\u00bb custom_margin_last_edited=\u00bbon|phone\u00bb header_4_font_size_tablet=\u00bb80px\u00bb header_4_font_size_phone=\u00bb26px\u00bb header_4_font_size_last_edited=\u00bbon|phone\u00bb header_4_text_shadow_style=\u00bbpreset3&#8243; header_4_text_shadow_blur_strength=\u00bb0.01em\u00bb header_4_text_shadow_color=\u00bb#000000&#8243; header_4_text_shadow_blur_strength_tablet=\u00bb\u00bb header_4_text_shadow_blur_strength_phone=\u00bb0.03em\u00bb header_4_text_shadow_blur_strength_last_edited=\u00bbon|phone\u00bb global_colors_info=\u00bb{}\u00bb]<\/p>\n<h4>10 clases<\/h4>\n<p>[\/et_pb_text][et_pb_text _builder_version=\u00bb4.27.5&#8243; _module_preset=\u00bb33d8ed47-9575-4183-ae48-b1d6c4145db4&#8243; header_2_font=\u00bbSyncopate|700||on|||||\u00bb header_2_text_color=\u00bb#000000&#8243; header_2_font_size=\u00bb60px\u00bb header_2_line_height=\u00bb1.2em\u00bb text_orientation=\u00bbcenter\u00bb header_2_font_size_tablet=\u00bb32px\u00bb header_2_font_size_phone=\u00bb20px\u00bb header_2_font_size_last_edited=\u00bbon|phone\u00bb locked=\u00bboff\u00bb global_colors_info=\u00bb{}\u00bb]<\/p>\n<h2>TE\u00d3RICO-PRACTICO<\/h2>\n<p>[\/et_pb_text][\/et_pb_column][\/et_pb_row][\/et_pb_section][et_pb_section fb_built=\u00bb1&#8243; prev_background_color=\u00bb#ffffff\u00bb _builder_version=\u00bb4.27.5&#8243; _module_preset=\u00bbdefault\u00bb use_background_color_gradient=\u00bbon\u00bb background_color_gradient_direction=\u00bb90deg\u00bb background_color_gradient_stops=\u00bb#0d26e2 19%|#f70e0e 100%\u00bb custom_padding=\u00bb6px||7px|||\u00bb top_divider_style=\u00bbslant\u00bb top_divider_height=\u00bb52px\u00bb global_colors_info=\u00bb{}\u00bb][et_pb_row _builder_version=\u00bb4.22.2&#8243; _module_preset=\u00bbdefault\u00bb custom_padding=\u00bb73px||47px|||\u00bb global_colors_info=\u00bb{}\u00bb][et_pb_column type=\u00bb4_4&#8243; _builder_version=\u00bb4.22.2&#8243; _module_preset=\u00bbdefault\u00bb global_colors_info=\u00bb{}\u00bb][et_pb_heading title=\u00bbPROGRAMA\u00bb _builder_version=\u00bb4.22.2&#8243; _module_preset=\u00bbdefault\u00bb title_font=\u00bb|800|||||||\u00bb title_text_color=\u00bb#FFFFFF\u00bb global_colors_info=\u00bb{}\u00bb][\/et_pb_heading][\/et_pb_column][\/et_pb_row][\/et_pb_section][et_pb_section fb_built=\u00bb1&#8243; _builder_version=\u00bb4.22.2&#8243; _module_preset=\u00bbdefault\u00bb custom_padding=\u00bb||18px|||\u00bb global_colors_info=\u00bb{}\u00bb][et_pb_row column_structure=\u00bb1_3,1_3,1_3&#8243; _builder_version=\u00bb4.27.5&#8243; _module_preset=\u00bbdefault\u00bb custom_padding=\u00bb||19px|||\u00bb global_colors_info=\u00bb{}\u00bb][et_pb_column type=\u00bb1_3&#8243; _builder_version=\u00bb4.27.5&#8243; _module_preset=\u00bbdefault\u00bb global_colors_info=\u00bb{}\u00bb][et_pb_image src=\u00bbhttps:\/\/racescueladepilotos.com.ar\/wp-content\/uploads\/2026\/03\/alfita-scaled-1.jpg\u00bb title_text=\u00bbalfita\u00bb _builder_version=\u00bb4.27.5&#8243; _module_preset=\u00bbdefault\u00bb global_colors_info=\u00bb{}\u00bb][\/et_pb_image][\/et_pb_column][et_pb_column type=\u00bb1_3&#8243; _builder_version=\u00bb4.27.5&#8243; _module_preset=\u00bbdefault\u00bb global_colors_info=\u00bb{}\u00bb][et_pb_image src=\u00bbhttps:\/\/racescueladepilotos.com.ar\/wp-content\/uploads\/2026\/03\/Turismo-Pista-3.jpg\u00bb title_text=\u00bbTurismo Pista (3)\u00bb _builder_version=\u00bb4.27.5&#8243; _module_preset=\u00bbdefault\u00bb transform_scale=\u00bb128%|128%\u00bb global_colors_info=\u00bb{}\u00bb][\/et_pb_image][\/et_pb_column][et_pb_column type=\u00bb1_3&#8243; _builder_version=\u00bb4.27.5&#8243; _module_preset=\u00bbdefault\u00bb global_colors_info=\u00bb{}\u00bb][et_pb_image src=\u00bbhttps:\/\/racescueladepilotos.com.ar\/wp-content\/uploads\/2026\/03\/Turismo-Pista-4.jpg\u00bb title_text=\u00bbTurismo Pista 4&#8243; _builder_version=\u00bb4.27.5&#8243; _module_preset=\u00bbdefault\u00bb transform_scale=\u00bb128%|128%\u00bb global_colors_info=\u00bb{}\u00bb][\/et_pb_image][\/et_pb_column][\/et_pb_row][et_pb_row column_structure=\u00bb1_2,1_2&#8243; _builder_version=\u00bb4.27.5&#8243; _module_preset=\u00bbdefault\u00bb custom_padding=\u00bb6px||4px|||\u00bb global_colors_info=\u00bb{}\u00bb][et_pb_column type=\u00bb1_2&#8243; _builder_version=\u00bb4.27.5&#8243; _module_preset=\u00bbdefault\u00bb global_colors_info=\u00bb{}\u00bb][et_pb_image src=\u00bbhttps:\/\/racescueladepilotos.com.ar\/wp-content\/uploads\/2026\/03\/adentro-del-auto.jpg\u00bb title_text=\u00bbadentro del auto\u00bb _builder_version=\u00bb4.27.5&#8243; _module_preset=\u00bbdefault\u00bb max_width=\u00bb85%\u00bb global_colors_info=\u00bb{}\u00bb][\/et_pb_image][\/et_pb_column][et_pb_column type=\u00bb1_2&#8243; _builder_version=\u00bb4.27.5&#8243; _module_preset=\u00bbdefault\u00bb global_colors_info=\u00bb{}\u00bb][et_pb_video src=\u00bbhttps:\/\/www.youtube.com\/watch?v=XBsT8AApC2c\u00bb _builder_version=\u00bb4.27.5&#8243; _module_preset=\u00bbdefault\u00bb global_colors_info=\u00bb{}\u00bb][\/et_pb_video][et_pb_image src=\u00bbhttps:\/\/racescueladepilotos.com.ar\/wp-content\/uploads\/2026\/03\/Turismo-Pista-2.jpg\u00bb title_text=\u00bbTurismo Pista (2)\u00bb _builder_version=\u00bb4.27.5&#8243; _module_preset=\u00bbdefault\u00bb global_colors_info=\u00bb{}\u00bb][\/et_pb_image][\/et_pb_column][\/et_pb_row][et_pb_row _builder_version=\u00bb4.27.5&#8243; _module_preset=\u00bbdefault\u00bb custom_padding=\u00bb||33px|||\u00bb global_colors_info=\u00bb{}\u00bb][et_pb_column type=\u00bb4_4&#8243; _builder_version=\u00bb4.27.5&#8243; _module_preset=\u00bbdefault\u00bb global_colors_info=\u00bb{}\u00bb][et_pb_divider show_divider=\u00bboff\u00bb _builder_version=\u00bb4.27.5&#8243; _module_preset=\u00bbdefault\u00bb global_colors_info=\u00bb%91%93&#8243;][\/et_pb_divider][\/et_pb_column][\/et_pb_row][et_pb_row column_structure=\u00bb1_2,1_2&#8243; _builder_version=\u00bb4.22.2&#8243; _module_preset=\u00bbdefault\u00bb custom_padding=\u00bb29px||17px|||\u00bb global_colors_info=\u00bb{}\u00bb][et_pb_column type=\u00bb1_2&#8243; _builder_version=\u00bb4.22.2&#8243; _module_preset=\u00bbdefault\u00bb global_colors_info=\u00bb{}\u00bb][et_pb_text _builder_version=\u00bb4.27.5&#8243; _module_preset=\u00bbdefault\u00bb text_font_size=\u00bb13px\u00bb text_line_height=\u00bb1em\u00bb custom_margin=\u00bb||72px|||\u00bb global_colors_info=\u00bb{}\u00bb]<\/p>\n<h4><strong>En las siguientes cinco clases<\/strong>, el alumno comienza sus pr\u00e1cticas. Paso a paso y de manera gradual, el piloto avanza hacia el manejo aplicado a la competici\u00f3n: la correcta maniobra de frenado, selecci\u00f3n y sincronizaci\u00f3n de marchas, ingreso y trayectoria efectiva de los distintos tipos y combinaci\u00f3n de curvas seg\u00fan sus caracter\u00edsticas y complejidad, la adecuada utilizaci\u00f3n del freno en curva para optimizar su trazada, etc. Durante las pr\u00e1cticas, el alumno es acompa\u00f1ado y guiado por el instructor a bordo de las unidades-escuela adecuadas a la exigencia que plantea el trabajo en la pista.<\/h4>\n<p>[\/et_pb_text][et_pb_text _builder_version=\u00bb4.27.5&#8243; _module_preset=\u00bbdefault\u00bb custom_margin=\u00bb||3px|||\u00bb global_colors_info=\u00bb{}\u00bb]<\/p>\n<h1><span style=\"text-decoration: underline;\"><strong>ETAPA DE ENTRENAMIENTO&gt;&gt;<\/strong><\/span><\/h1>\n<p>[\/et_pb_text][et_pb_text _builder_version=\u00bb4.27.5&#8243; _module_preset=\u00bbdefault\u00bb text_font_size=\u00bb13px\u00bb text_line_height=\u00bb1em\u00bb global_colors_info=\u00bb{}\u00bb]<\/p>\n<h4><span><br \/>Seis clases pr\u00e1cticas a bordo del veh\u00edculo de turismo. <br \/>Bajo la supervisi\u00f3n del instructor y de acuerdo a sus indicaciones, el piloto incrementa paulatinamente en cada serie, el r\u00e9gimen del motor hasta aprovechar la potencia m\u00e1xima del mismo. <\/p>\n<p><strong>El objetivo fundamental del entrenamiento es lograr ritmo y consistencia<\/strong> a partir de las t\u00e9cnicas aprendidas, la clave para un pilotaje eficaz.<\/span><\/h4>\n<p>[\/et_pb_text][\/et_pb_column][et_pb_column type=\u00bb1_2&#8243; _builder_version=\u00bb4.22.2&#8243; _module_preset=\u00bbdefault\u00bb global_colors_info=\u00bb{}\u00bb][et_pb_text _builder_version=\u00bb4.27.5&#8243; _module_preset=\u00bbdefault\u00bb text_font_size=\u00bb16px\u00bb header_4_font_size=\u00bb17px\u00bb header_4_line_height=\u00bb1.2em\u00bb global_colors_info=\u00bb{}\u00bb]<\/p>\n<h3><strong>Tem\u00e1tica:<\/strong><\/h3>\n<ul>\n<li><span>La correcta posici\u00f3n de manejo<\/span><\/li>\n<li><span>La vista y la correcta lectura del circuito<\/span><\/li>\n<li><span>Trayectorias efectivas<\/span><\/li>\n<li><span>Transferencia din\u00e1mica de carga<\/span><\/li>\n<li><span>Factor adherencia<\/span><\/li>\n<li><span>Actitud del auto\u00a0<\/span><\/li>\n<li><span>Balance din\u00e1mico en curva seg\u00fan maniobras<\/span><\/li>\n<li><span>Uso del freno en curva: incremento direccional, control de tracci\u00f3n<\/span><\/li>\n<\/ul>\n<p>[\/et_pb_text][et_pb_text _builder_version=\u00bb4.27.5&#8243; _module_preset=\u00bbdefault\u00bb text_font_size=\u00bb16px\u00bb header_4_font_size=\u00bb17px\u00bb header_4_line_height=\u00bb1.2em\u00bb global_colors_info=\u00bb{}\u00bb]<\/p>\n<h4><span>Los\u00a0<\/span><strong>d\u00edas de lluvia<\/strong><span>\u00a0se pone en pr\u00e1ctica las t\u00e9cnicas espec\u00edficas de manejo sobre piso mojado,\u00a0<\/span><strong>deslizamiento controlado, trayectorias adecuadas, combinaci\u00f3n de maniobras con volante, acelerador y freno dependiendo del tipo de tracci\u00f3n, y<\/strong><span>\u00a0<\/span><strong>las acciones correctas en\u00a0situaci\u00f3n de trompo.<\/strong><\/h4>\n<p>[\/et_pb_text][et_pb_text _builder_version=\u00bb4.27.5&#8243; _module_preset=\u00bbdefault\u00bb text_font_size=\u00bb16px\u00bb header_4_font_size=\u00bb17px\u00bb header_4_line_height=\u00bb1.2em\u00bb global_colors_info=\u00bb{}\u00bb]<\/p>\n<ul>\n<li><span>Deslizamiento controlado (slide control)<\/span><\/li>\n<li><span>T\u00e9cnicas de conducci\u00f3n con piso mojado<\/span><\/li>\n<li><span>Lectura del circuito en la lluvia<\/span><\/li>\n<li><span>Trayectorias especiales, cuando lo efectivo no es lo ideal.<\/span><\/li>\n<li><span>Maniobra y el control del auto en situaci\u00f3n de trompo<\/span><\/li>\n<\/ul>\n<p>&nbsp;<\/p>\n<p>[\/et_pb_text][\/et_pb_column][\/et_pb_row][et_pb_row _builder_version=\u00bb4.27.5&#8243; _module_preset=\u00bbdefault\u00bb custom_padding=\u00bb9px||8px|||\u00bb global_colors_info=\u00bb{}\u00bb][et_pb_column type=\u00bb4_4&#8243; _builder_version=\u00bb4.27.5&#8243; _module_preset=\u00bbdefault\u00bb global_colors_info=\u00bb{}\u00bb][et_pb_text _builder_version=\u00bb4.27.5&#8243; _module_preset=\u00bbdefault\u00bb text_font_size=\u00bb16px\u00bb global_colors_info=\u00bb{}\u00bb]<\/p>\n<p><em>* Una vez realizado el Curso Turismo Pista, puedes continuar perfeccionando tu nivel de pilotaje con el <strong>Curso de Pilotos<\/strong> <strong>F4<\/strong>.<\/em><\/p>\n<p>&nbsp;<\/p>\n<p>[\/et_pb_text][\/et_pb_column][\/et_pb_row][\/et_pb_section][et_pb_section fb_built=\u00bb1&#8243; prev_background_color=\u00bb#ffffff\u00bb _builder_version=\u00bb4.27.5&#8243; _module_preset=\u00bbdefault\u00bb background_color=\u00bb#d10000&#8243; min_height=\u00bb293.9px\u00bb custom_margin=\u00bb13px|||||\u00bb custom_padding=\u00bb127px||8px|||\u00bb top_divider_style=\u00bbwave\u00bb top_divider_height=\u00bb115px\u00bb top_divider_flip=\u00bbvertical\u00bb locked=\u00bboff\u00bb global_colors_info=\u00bb{}\u00bb][et_pb_row _builder_version=\u00bb4.27.5&#8243; _module_preset=\u00bbdefault\u00bb custom_padding=\u00bb10px||31px|||\u00bb global_colors_info=\u00bb{}\u00bb][et_pb_column type=\u00bb4_4&#8243; _builder_version=\u00bb4.27.5&#8243; _module_preset=\u00bbdefault\u00bb global_colors_info=\u00bb{}\u00bb][et_pb_button button_url=\u00bbhttps:\/\/wa.me\/5491165330413\/?text=M\u00e1s%20info%20del%20%20curso%20TURISMO%20PISTA,%20por%20favor\u00bb url_new_window=\u00bbon\u00bb button_text=\u00bbinfo x whatssapp\u00bb button_alignment=\u00bbcenter\u00bb _builder_version=\u00bb4.27.6&#8243; _module_preset=\u00bbdefault\u00bb custom_button=\u00bbon\u00bb button_text_size=\u00bb14px\u00bb button_text_color=\u00bb#000000&#8243; button_bg_color=\u00bb#7CDA24&#8243; button_border_width=\u00bb0px\u00bb button_border_radius=\u00bb0px\u00bb button_letter_spacing=\u00bb2px\u00bb button_font=\u00bbSyncopate|700||on|||||\u00bb button_use_icon=\u00bboff\u00bb custom_padding=\u00bb18px|30px|18px|30px|true|true\u00bb custom_padding_tablet=\u00bb16px|25px|16px|25px|true|true\u00bb custom_padding_phone=\u00bb14px|20px|14px|20px|true|true\u00bb custom_padding_last_edited=\u00bbon|phone\u00bb hover_enabled=\u00bb0&#8243; global_colors_info=\u00bb{}\u00bb button_text_color__hover=\u00bb#D5FF00&#8243; button_text_color__hover_enabled=\u00bbon|hover\u00bb sticky_enabled=\u00bb0&#8243;][\/et_pb_button][et_pb_text _builder_version=\u00bb4.27.5&#8243; _module_preset=\u00bbdefault\u00bb text_font_size=\u00bb20px\u00bb text_orientation=\u00bbcenter\u00bb custom_margin=\u00bb37px|||||\u00bb global_colors_info=\u00bb{}\u00bb]<\/p>\n<p><span style=\"text-decoration: underline; color: #ffffff;\"><strong>Contacto por correo electr\u00f3nico:<\/strong><\/span><\/p>\n<p><strong> <\/strong><\/p>\n<p><strong><\/strong><span><span id=\"cloaka6ec4aba6d0cb7ba62a33ba3d87c5d29\"><a href=\"mailto:escueladepilotos@jbianchirac.com.ar\">escueladepilotos@jbianchirac.com.ar<\/a><\/span><\/span><\/p>\n<p><span><span id=\"cloaka6ec4aba6d0cb7ba62a33ba3d87c5d29\"><\/span><\/span><span><span id=\"cloakd3571d1e85e1868a8611e8a22e763ad3\"><a href=\"mailto:rac@racingadvancedcourse.com\">rac@racingadvancedcourse.com<\/a><\/span><\/span><\/p>\n<p><span><span><\/span><\/span><\/p>\n<p>[\/et_pb_text][\/et_pb_column][\/et_pb_row][\/et_pb_section]<\/p>\n","protected":false},"excerpt":{"rendered":"<p>\u00a0TURISMO PISTA10 clases pr\u00e1cticas en dos etapas &gt;&gt;Instrucci\u00f3n Personal de Conducci\u00f3n Deportiva de Competici\u00f3n. Comprende una clase inicial te\u00f3rico\/demostrativa, en la que se analiza la correcta posici\u00f3n de manejo, se explican y demuestran las t\u00e9cnicas de conducci\u00f3n y control, analizando al mismo tiempo la informaci\u00f3n que transmite la din\u00e1mica del veh\u00edculo.10 clasesTE\u00d3RICO-PRACTICOEn las siguientes cinco [&hellip;]<\/p>\n","protected":false},"author":1,"featured_media":0,"parent":0,"menu_order":0,"comment_status":"closed","ping_status":"closed","template":"","meta":{"_et_pb_use_builder":"on","_et_pb_old_content":"","_et_gb_content_width":"","footnotes":""},"class_list":["post-717","page","type-page","status-publish","hentry"],"_links":{"self":[{"href":"https:\/\/racescueladepilotos.com.ar\/index.php\/wp-json\/wp\/v2\/pages\/717","targetHints":{"allow":["GET"]}}],"collection":[{"href":"https:\/\/racescueladepilotos.com.ar\/index.php\/wp-json\/wp\/v2\/pages"}],"about":[{"href":"https:\/\/racescueladepilotos.com.ar\/index.php\/wp-json\/wp\/v2\/types\/page"}],"author":[{"embeddable":true,"href":"https:\/\/racescueladepilotos.com.ar\/index.php\/wp-json\/wp\/v2\/users\/1"}],"replies":[{"embeddable":true,"href":"https:\/\/racescueladepilotos.com.ar\/index.php\/wp-json\/wp\/v2\/comments?post=717"}],"version-history":[{"count":5,"href":"https:\/\/racescueladepilotos.com.ar\/index.php\/wp-json\/wp\/v2\/pages\/717\/revisions"}],"predecessor-version":[{"id":830,"href":"https:\/\/racescueladepilotos.com.ar\/index.php\/wp-json\/wp\/v2\/pages\/717\/revisions\/830"}],"wp:attachment":[{"href":"https:\/\/racescueladepilotos.com.ar\/index.php\/wp-json\/wp\/v2\/media?parent=717"}],"curies":[{"name":"wp","href":"https:\/\/api.w.org\/{rel}","templated":true}]}}