{"id":217,"date":"2026-03-06T02:23:30","date_gmt":"2026-03-06T02:23:30","guid":{"rendered":"https:\/\/racescueladepilotos.com.ar\/?page_id=217"},"modified":"2026-03-13T02:19:25","modified_gmt":"2026-03-13T02:19:25","slug":"217-2","status":"publish","type":"page","link":"https:\/\/racescueladepilotos.com.ar\/index.php\/217-2\/","title":{"rendered":"OBJETIVOS"},"content":{"rendered":"<p>[et_pb_section fb_built=\u00bb1&#8243; custom_padding_last_edited=\u00bbon|phone\u00bb next_background_color=\u00bb#ffffff\u00bb admin_label=\u00bbHeader\u00bb _builder_version=\u00bb4.27.5&#8243; _module_preset=\u00bbdefault\u00bb background_color=\u00bbRGBA(255,255,255,0)\u00bb use_background_color_gradient=\u00bbon\u00bb background_color_gradient_type=\u00bbcircular\u00bb background_color_gradient_direction_radial=\u00bbbottom\u00bb background_color_gradient_stops=\u00bbrgba(255,255,255,0) 46%|#ffffff 100%\u00bb background_color_gradient_overlays_image=\u00bbon\u00bb background_color_gradient_start=\u00bbrgba(0,0,0,0.8)\u00bb background_color_gradient_end=\u00bbrgba(0,0,0,0.8)\u00bb background_image=\u00bbhttps:\/\/racescueladepilotos.com.ar\/wp-content\/uploads\/2026\/03\/objectivos3.jpg\u00bb parallax=\u00bbon\u00bb parallax_method=\u00bboff\u00bb custom_padding=\u00bb120px||0px||false|false\u00bb custom_padding_tablet=\u00bb80px||||false|false\u00bb custom_padding_phone=\u00bb60px||||false|false\u00bb bottom_divider_style=\u00bbwave\u00bb locked=\u00bboff\u00bb global_colors_info=\u00bb{}\u00bb][et_pb_row _builder_version=\u00bb4.16&#8243; _module_preset=\u00bbdefault\u00bb global_colors_info=\u00bb{}\u00bb][et_pb_column type=\u00bb4_4&#8243; _builder_version=\u00bb4.16&#8243; _module_preset=\u00bbdefault\u00bb global_colors_info=\u00bb{}\u00bb][et_pb_text _builder_version=\u00bb4.27.5&#8243; _module_preset=\u00bbdefault\u00bb header_font=\u00bbMontserrat|900|on|on|||||\u00bb header_text_color=\u00bb#D5FF00&#8243; header_font_size=\u00bb165px\u00bb header_line_height=\u00bb0.7em\u00bb header_font_size_tablet=\u00bb60px\u00bb header_font_size_phone=\u00bb30px\u00bb header_font_size_last_edited=\u00bbon|phone\u00bb global_colors_info=\u00bb{%22gcid-5fba0126-308f-4f42-aa94-6c5d80831bca%22:%91%93}\u00bb]<\/p>\n<h1><span style=\"color: #ffffff;\">objetivos<\/span><\/h1>\n<p>[\/et_pb_text][\/et_pb_column][\/et_pb_row][et_pb_row column_structure=\u00bb3_5,2_5&#8243; use_custom_gutter=\u00bbon\u00bb gutter_width=\u00bb1&#8243; make_equal=\u00bbon\u00bb _builder_version=\u00bb4.27.5&#8243; _module_preset=\u00bbdefault\u00bb background_color=\u00bb#E02B20&#8243; custom_margin=\u00bb100px||||false|false\u00bb custom_margin_tablet=\u00bb60px||||false|false\u00bb custom_margin_phone=\u00bb20px||||false|false\u00bb custom_margin_last_edited=\u00bbon|phone\u00bb custom_padding=\u00bb0px||0px||true|false\u00bb box_shadow_style=\u00bbpreset4&#8243; box_shadow_horizontal=\u00bb-20vw\u00bb box_shadow_vertical=\u00bb0px\u00bb box_shadow_color=\u00bb#FFFFFF\u00bb box_shadow_horizontal_tablet=\u00bb0vw\u00bb box_shadow_horizontal_phone=\u00bb\u00bb box_shadow_horizontal_last_edited=\u00bbon|phone\u00bb global_colors_info=\u00bb{}\u00bb][et_pb_column type=\u00bb3_5&#8243; _builder_version=\u00bb4.27.5&#8243; _module_preset=\u00bbdefault\u00bb use_background_color_gradient=\u00bbon\u00bb background_color_gradient_direction=\u00bb90deg\u00bb background_color_gradient_stops=\u00bb#0c13d1 0%|rgba(255,255,255,0) 60%\u00bb background_color_gradient_overlays_image=\u00bbon\u00bb background_color_gradient_start=\u00bb#ffffff\u00bb background_color_gradient_end=\u00bbrgba(255,255,255,0)\u00bb background_image=\u00bbhttps:\/\/racescueladepilotos.com.ar\/wp-content\/uploads\/2026\/03\/J.V.Bianchi_RAC-1.jpg\u00bb global_colors_info=\u00bb{}\u00bb][et_pb_divider color=\u00bb#E02B20&#8243; divider_weight=\u00bb0px\u00bb _builder_version=\u00bb4.22.2&#8243; _module_preset=\u00bb_initial\u00bb background_color=\u00bbRGBA(255,255,255,0)\u00bb min_height=\u00bb400px\u00bb min_height_tablet=\u00bb300px\u00bb min_height_phone=\u00bb180px\u00bb min_height_last_edited=\u00bbon|phone\u00bb global_colors_info=\u00bb{}\u00bb][\/et_pb_divider][\/et_pb_column][et_pb_column type=\u00bb2_5&#8243; _builder_version=\u00bb4.27.5&#8243; _module_preset=\u00bbdefault\u00bb background_color=\u00bb#ff0f0f\u00bb use_background_color_gradient=\u00bbon\u00bb background_color_gradient_direction=\u00bb90deg\u00bb background_color_gradient_stops=\u00bb#2d2ad3 0%|#e02b20 100%\u00bb custom_padding=\u00bb40px|40px|40px|40px|true|true\u00bb custom_padding_tablet=\u00bb40px|40px|40px|40px|true|true\u00bb custom_padding_phone=\u00bb20px|20px|20px|20px|true|true\u00bb custom_padding_last_edited=\u00bbon|phone\u00bb global_colors_info=\u00bb{}\u00bb][et_pb_text _builder_version=\u00bb4.27.5&#8243; _module_preset=\u00bbdefault\u00bb header_font=\u00bb||||||||\u00bb header_3_font=\u00bbSyncopate|700||on|||||\u00bb header_3_text_color=\u00bb#000000&#8243; header_3_font_size=\u00bb26px\u00bb header_3_line_height=\u00bb1.2em\u00bb header_3_font_size_tablet=\u00bb20px\u00bb header_3_font_size_phone=\u00bb16px\u00bb header_3_font_size_last_edited=\u00bbon|desktop\u00bb locked=\u00bboff\u00bb global_colors_info=\u00bb{}\u00bb]<\/p>\n<h3><span style=\"color: #ffffff;\">objetivos de la escuela<\/span><\/h3>\n<p>[\/et_pb_text][et_pb_text _builder_version=\u00bb4.27.5&#8243; _module_preset=\u00bbdefault\u00bb text_font=\u00bb||||||||\u00bb text_text_color=\u00bb#FFFFFF\u00bb text_font_size=\u00bb16px\u00bb text_line_height=\u00bb2.2em\u00bb text_font_size_tablet=\u00bb15px\u00bb text_font_size_phone=\u00bb14px\u00bb text_font_size_last_edited=\u00bbon|desktop\u00bb locked=\u00bboff\u00bb global_colors_info=\u00bb{}\u00bb]<\/p>\n<p><span>Nuestra principal responsabilidad es la de respetar como principio, las normas de seguridad, los elementos y las condiciones apropiadas para reducir al m\u00ednimo cualquier situaci\u00f3n de riesgo por parte del conductor y su entorno<\/span><\/p>\n<p>[\/et_pb_text][\/et_pb_column][\/et_pb_row][\/et_pb_section][et_pb_section fb_built=\u00bb1&#8243; _builder_version=\u00bb4.27.5&#8243; _module_preset=\u00bbdefault\u00bb background_image=\u00bbhttps:\/\/racescueladepilotos.com.ar\/wp-content\/uploads\/2026\/03\/tennis-club-031.png\u00bb custom_margin=\u00bb||5px|||\u00bb custom_padding=\u00bb||235px|||\u00bb global_colors_info=\u00bb{}\u00bb][et_pb_row column_structure=\u00bb1_2,1_2&#8243; _builder_version=\u00bb4.22.2&#8243; _module_preset=\u00bbdefault\u00bb custom_margin=\u00bb|auto|44px|auto||\u00bb custom_padding=\u00bb||17px|||\u00bb global_colors_info=\u00bb{}\u00bb][et_pb_column type=\u00bb1_2&#8243; _builder_version=\u00bb4.22.2&#8243; _module_preset=\u00bbdefault\u00bb global_colors_info=\u00bb{}\u00bb][et_pb_text _builder_version=\u00bb4.27.5&#8243; _module_preset=\u00bbdefault\u00bb text_font_size=\u00bb18px\u00bb text_line_height=\u00bb1.1em\u00bb custom_margin=\u00bb||34px|||\u00bb global_colors_info=\u00bb{}\u00bb]<\/p>\n<p>A partir de 1969, cuando Jim Russel funda la primera escuela de pilotos del mundo,<span>\u00a0<\/span><strong>un n\u00famero significativo de pilotos<\/strong><b>\u00a0<\/b>iniciaron su carrera deportiva en distintas escuelas que luego se crearon alrededor del planeta. Solo por nombrar a dos \u00edconos de la Historia del Automovilismo,<span>\u00a0 \u00a0<\/span><strong>Alain Pros y Ayrton Senna, a<\/strong><strong>s\u00ed como<\/strong><span>\u00a0<\/span><strong>tantos otros<\/strong><span>\u00a0<\/span>destacados campeones mundiales. Una larga lista de \u00abaplicados alumnos\u00bb han dado los\u00a0 primeros pasos en Escuelas de Pilotos, desde donde proyectaron sus exitosas carreras profesionales.<\/p>\n<p>No es casual que el mayor n\u00famero de estas escuelas de pilotaje se concentren en Europa, donde la etapa inicial para alcanzar el grado de conducci\u00f3n adecuado a las circunstancias es fundamental, siendo el automovilismo extremadamente competitivo. De manera que <strong>el aprendizaje debe ser un paso eficaz, seguro, pero sin perder tiempo ni dinero, m\u00e1s all\u00e1 de lo justo y necesario&#8230;<\/strong><\/p>\n<p>[\/et_pb_text][\/et_pb_column][et_pb_column type=\u00bb1_2&#8243; _builder_version=\u00bb4.22.2&#8243; _module_preset=\u00bbdefault\u00bb global_colors_info=\u00bb{}\u00bb][et_pb_text _builder_version=\u00bb4.27.5&#8243; _module_preset=\u00bbdefault\u00bb text_font_size=\u00bb13px\u00bb text_line_height=\u00bb1em\u00bb header_4_line_height=\u00bb1.1em\u00bb global_colors_info=\u00bb{}\u00bb]<\/p>\n<h4><span><strong>Durante las \u00faltimas cuatro d\u00e9cadas, Jos\u00e9 Valent\u00edn Bianchi &#8211; RAC ESCUELA DE PILOTOS, una de las escuelas de pilotaje con mayor experiencia y trayectoria en el mundo<\/strong>, viene cumpliendo un importante rol tanto para Argentina como para Latinoam\u00e9rica, de brindar los conocimientos y experiencia para todas aquellas personas que deseen iniciar satisfactoriamente su carrera deportiva, incluso para aquellos pilotos con experiencia en karting, pues el objetivo es optimizar la calidad de las t\u00e9cnicas conductivas para controlar un autom\u00f3vil de competici\u00f3n en cualquier situaci\u00f3n, a trav\u00e9s de una estructura organizada capaz de suministrar, del modo m\u00e1s funcional, la ense\u00f1anza necesaria para un razonable y adecuado aprendizaje.<\/span><\/h4>\n<h4><span> Tambi\u00e9n es el camino ideal para el aficionado al automovilismo que le interesa perfeccionar el manejo de su veh\u00edculo particular, desde el punto de vista de la eficacia y descubrir al mismo tiempo el placer de conducir con la m\u00e1xima seguridad para s\u00ed mismo y su entorno,\u00a0<strong>LA CONDUCCION DEPORTIVA AL SERVICIO DE LA SEGURIDAD.<\/strong><\/span><\/h4>\n<p>[\/et_pb_text][\/et_pb_column][\/et_pb_row][\/et_pb_section][et_pb_section fb_built=\u00bb1&#8243; _builder_version=\u00bb4.27.5&#8243; _module_preset=\u00bbdefault\u00bb custom_margin=\u00bb16px|||||\u00bb custom_padding=\u00bb6px|||||\u00bb global_colors_info=\u00bb{}\u00bb][et_pb_row column_structure=\u00bb1_2,1_2&#8243; _builder_version=\u00bb4.27.5&#8243; _module_preset=\u00bbdefault\u00bb width=\u00bb100%\u00bb custom_padding=\u00bb||23px|||\u00bb global_colors_info=\u00bb{}\u00bb][et_pb_column type=\u00bb1_2&#8243; _builder_version=\u00bb4.27.5&#8243; _module_preset=\u00bbdefault\u00bb global_colors_info=\u00bb{}\u00bb][et_pb_text _builder_version=\u00bb4.27.6&#8243; _module_preset=\u00bbdefault\u00bb header_font=\u00bbAlata||||||||\u00bb header_font_size=\u00bb41px\u00bb custom_margin=\u00bb||3px|||\u00bb custom_padding=\u00bb||33px|||\u00bb global_colors_info=\u00bb{}\u00bb]<\/p>\n<h1><span style=\"text-decoration: underline;\"><strong>EL CURSO<\/strong><\/span><strong> <\/strong><span style=\"color: #0c71c3;\"><strong>&gt;<span style=\"color: #dd0dc2;\">&gt;<\/span><\/strong><\/span><\/h1>\n<p>[\/et_pb_text][et_pb_text _builder_version=\u00bb4.27.6&#8243; _module_preset=\u00bbdefault\u00bb text_font=\u00bb|600|||||||\u00bb text_font_size=\u00bb18px\u00bb header_4_font_size=\u00bb17px\u00bb header_4_line_height=\u00bb1.2em\u00bb global_colors_info=\u00bb{}\u00bb]<\/p>\n<p><em>Los pilotos que se destacan por sus resultados tienen una caracter\u00edstica en com\u00fan que los distingue del resto: estilo fluido y suave, con un ritmo regular y veloz, como si hombre y m\u00e1quina fueran uno solo.<\/em><\/p>\n<p><em>El mejor camino para ense\u00f1ar las t\u00e9cnicas m\u00e1s refinadas que se requieren para conducir de ese modo, consiste en la atenci\u00f3n personalizada, explicaciones simples con descripciones claras, y pr\u00e1ctica\u2026 mucha pr\u00e1ctica.<\/em><\/p>\n<p><em>Partiendo por una charla amena y la inmediata demostraci\u00f3n pr\u00e1ctica, el alumno comienza a entender la relaci\u00f3n entre la din\u00e1mica del auto y las t\u00e9cnicas de manejo. Luego, al mismo tiempo que se analizan sistem\u00e1ticamente los principios t\u00e9cnicos de la conducci\u00f3n, vuelta tras vuelta incrementa su experiencia, hasta descubrir los propios l\u00edmites: es cuando aprende \u00ablos secretos\u00bb de la velocidad.<\/em><\/p>\n<p>[\/et_pb_text][\/et_pb_column][et_pb_column type=\u00bb1_2&#8243; _builder_version=\u00bb4.27.5&#8243; _module_preset=\u00bbdefault\u00bb global_colors_info=\u00bb{}\u00bb][et_pb_divider show_divider=\u00bboff\u00bb _builder_version=\u00bb4.27.6&#8243; _module_preset=\u00bbdefault\u00bb custom_padding=\u00bb34px||18px|||\u00bb global_colors_info=\u00bb{}\u00bb][\/et_pb_divider][et_pb_text _builder_version=\u00bb4.27.5&#8243; _module_preset=\u00bbdefault\u00bb text_font_size=\u00bb16px\u00bb header_4_font_size=\u00bb17px\u00bb header_4_line_height=\u00bb1.2em\u00bb global_colors_info=\u00bb{}\u00bb]<\/p>\n<h3><span>UN SISTEMA INTELIGENTE<\/span><\/h3>\n<h3><\/h3>\n<ul>\n<li><span>Desde 1982 trabajamos y perfeccionamos un\u00a0<\/span><strong>Sistema \u00danico de Ense\u00f1anza Personalizado<\/strong><span>\u00a0que se adapta a la capacidad de aprendizaje del alumno, quien a lo largo del curso desempe\u00f1a una evoluci\u00f3n l\u00f3gica, seg\u00fan el desarrollo gradual y ordenado acorde con sus posibilidades.\u00a0El trabajo consiste en la\u00a0<\/span><strong>instrucci\u00f3n individual por medio de clases te\u00f3rico-pr\u00e1cticas<\/strong><span>, comenzando sobre autom\u00f3viles de turismo para pasar luego al monoplaza de competici\u00f3n. El alumno experimenta la verdadera esencia de la conducci\u00f3n deportiva, caracter\u00edstica fundamental para conocer los secretos de la relaci\u00f3n hombre-m\u00e1quina-pista, aprovechando al m\u00e1ximo sus condiciones naturales.\u00a0Un m\u00e9todo probado durante a\u00f1os de experiencia que permite instaurar una relaci\u00f3n directa y personalizada con nuestros calificados instructores.<\/span><\/li>\n<\/ul>\n<p>[\/et_pb_text][et_pb_text _builder_version=\u00bb4.27.5&#8243; _module_preset=\u00bbdefault\u00bb text_font_size=\u00bb16px\u00bb header_4_font_size=\u00bb17px\u00bb header_4_line_height=\u00bb1.2em\u00bb global_colors_info=\u00bb{}\u00bb]<\/p>\n<h3><\/h3>\n<h3><span>UN M\u00c9TODO EFICAZ<\/span><\/h3>\n<h3><\/h3>\n<ul>\n<li><span>Al combinar la teor\u00eda con m\u00e9todos did\u00e1cticos de aprendizaje din\u00e1mico, el alumno evoluciona consciente de su progreso y sin p\u00e9rdida de tiempo.<\/span><\/li>\n<\/ul>\n<p>[\/et_pb_text][et_pb_text _builder_version=\u00bb4.27.5&#8243; _module_preset=\u00bbdefault\u00bb text_font_size=\u00bb16px\u00bb header_4_font_size=\u00bb17px\u00bb header_4_line_height=\u00bb1.2em\u00bb global_colors_info=\u00bb{}\u00bb]<\/p>\n<h3><\/h3>\n<h3><\/h3>\n<h3><span>&#8230;Y POR MUCHO EL MENOS COSTOSO<\/p>\n<p><\/span><\/h3>\n<ul>\n<li><span>Cuando el aficionado decide iniciar esta etapa por su cuenta, debe calcular el capital suficiente para afrontar la compra o alquiler del veh\u00edculo, el personal mec\u00e1nico con la infraestructura adecuada para la atenci\u00f3n y el mantenimiento de la unidad, sumado a los gastos de consumo (cubiertas, repuestos, combustible, pista, traslados, etc.). Sin contar con el valioso apoyo del profesional docente, el costo supera ampliamente el monto total del curso, sin contar los riesgos que ello acarrea.<\/span><\/li>\n<\/ul>\n<p>[\/et_pb_text][\/et_pb_column][\/et_pb_row][\/et_pb_section][et_pb_section fb_built=\u00bb1&#8243; prev_background_color=\u00bb#ffffff\u00bb _builder_version=\u00bb4.27.5&#8243; _module_preset=\u00bbdefault\u00bb background_color=\u00bb#f4f4f4&#8243; custom_padding=\u00bb96px||8px|||\u00bb top_divider_style=\u00bbwave\u00bb locked=\u00bboff\u00bb global_colors_info=\u00bb{}\u00bb][et_pb_row _builder_version=\u00bb4.27.5&#8243; _module_preset=\u00bbdefault\u00bb custom_padding=\u00bb10px||31px|||\u00bb global_colors_info=\u00bb{}\u00bb][et_pb_column type=\u00bb4_4&#8243; _builder_version=\u00bb4.27.5&#8243; _module_preset=\u00bbdefault\u00bb global_colors_info=\u00bb{}\u00bb][et_pb_button button_url=\u00bbhttps:\/\/wa.me\/5491165330413\/?text=M\u00e1s%20info,%20por%20favor\u00bb url_new_window=\u00bbon\u00bb button_text=\u00bbinfo x whatssapp\u00bb button_alignment=\u00bbcenter\u00bb _builder_version=\u00bb4.27.6&#8243; _module_preset=\u00bbdefault\u00bb custom_button=\u00bbon\u00bb button_text_size=\u00bb14px\u00bb button_text_color=\u00bb#000000&#8243; button_bg_color=\u00bb#7CDA24&#8243; button_border_width=\u00bb0px\u00bb button_border_radius=\u00bb0px\u00bb button_letter_spacing=\u00bb2px\u00bb button_font=\u00bbSyncopate|700||on|||||\u00bb button_use_icon=\u00bboff\u00bb custom_padding=\u00bb18px|30px|18px|30px|true|true\u00bb custom_padding_tablet=\u00bb16px|25px|16px|25px|true|true\u00bb custom_padding_phone=\u00bb14px|20px|14px|20px|true|true\u00bb custom_padding_last_edited=\u00bbon|phone\u00bb hover_enabled=\u00bb0&#8243; global_colors_info=\u00bb{}\u00bb button_text_color__hover=\u00bb#D5FF00&#8243; button_text_color__hover_enabled=\u00bbon|hover\u00bb sticky_enabled=\u00bb0&#8243;][\/et_pb_button][et_pb_text _builder_version=\u00bb4.27.5&#8243; _module_preset=\u00bbdefault\u00bb text_font_size=\u00bb20px\u00bb text_orientation=\u00bbcenter\u00bb global_colors_info=\u00bb{}\u00bb]<\/p>\n<p><span style=\"text-decoration: underline;\"><strong>Contacto por correo electr\u00f3nico:<\/strong><\/span><\/p>\n<p><span><span><\/span><\/span><\/p>\n<p><span><span id=\"cloaka6ec4aba6d0cb7ba62a33ba3d87c5d29\"><a href=\"mailto:escueladepilotos@jbianchirac.com.ar\">escueladepilotos@jbianchirac.com.ar<\/a><\/p>\n<p><\/span><\/span><span><span id=\"cloaka6ec4aba6d0cb7ba62a33ba3d87c5d29\"><\/span><\/span><span><span id=\"cloakd3571d1e85e1868a8611e8a22e763ad3\"><a href=\"mailto:rac@racingadvancedcourse.com\">rac@racingadvancedcourse.com<\/a><\/span><\/span><\/p>\n<p>[\/et_pb_text][\/et_pb_column][\/et_pb_row][\/et_pb_section]<\/p>\n","protected":false},"excerpt":{"rendered":"<p>objetivosobjetivos de la escuelaNuestra principal responsabilidad es la de respetar como principio, las normas de seguridad, los elementos y las condiciones apropiadas para reducir al m\u00ednimo cualquier situaci\u00f3n de riesgo por parte del conductor y su entornoA partir de 1969, cuando Jim Russel funda la primera escuela de pilotos del mundo,\u00a0un n\u00famero significativo de pilotos\u00a0iniciaron [&hellip;]<\/p>\n","protected":false},"author":1,"featured_media":0,"parent":0,"menu_order":0,"comment_status":"closed","ping_status":"closed","template":"","meta":{"_et_pb_use_builder":"on","_et_pb_old_content":"","_et_gb_content_width":"","footnotes":""},"class_list":["post-217","page","type-page","status-publish","hentry"],"_links":{"self":[{"href":"https:\/\/racescueladepilotos.com.ar\/index.php\/wp-json\/wp\/v2\/pages\/217","targetHints":{"allow":["GET"]}}],"collection":[{"href":"https:\/\/racescueladepilotos.com.ar\/index.php\/wp-json\/wp\/v2\/pages"}],"about":[{"href":"https:\/\/racescueladepilotos.com.ar\/index.php\/wp-json\/wp\/v2\/types\/page"}],"author":[{"embeddable":true,"href":"https:\/\/racescueladepilotos.com.ar\/index.php\/wp-json\/wp\/v2\/users\/1"}],"replies":[{"embeddable":true,"href":"https:\/\/racescueladepilotos.com.ar\/index.php\/wp-json\/wp\/v2\/comments?post=217"}],"version-history":[{"count":4,"href":"https:\/\/racescueladepilotos.com.ar\/index.php\/wp-json\/wp\/v2\/pages\/217\/revisions"}],"predecessor-version":[{"id":827,"href":"https:\/\/racescueladepilotos.com.ar\/index.php\/wp-json\/wp\/v2\/pages\/217\/revisions\/827"}],"wp:attachment":[{"href":"https:\/\/racescueladepilotos.com.ar\/index.php\/wp-json\/wp\/v2\/media?parent=217"}],"curies":[{"name":"wp","href":"https:\/\/api.w.org\/{rel}","templated":true}]}}