{"id":212,"date":"2026-03-06T02:14:52","date_gmt":"2026-03-06T02:14:52","guid":{"rendered":"https:\/\/racescueladepilotos.com.ar\/?page_id=212"},"modified":"2026-03-13T02:18:22","modified_gmt":"2026-03-13T02:18:22","slug":"manejo-avanzado","status":"publish","type":"page","link":"https:\/\/racescueladepilotos.com.ar\/index.php\/manejo-avanzado\/","title":{"rendered":"MANEJO AVANZADO"},"content":{"rendered":"<p>[et_pb_section fb_built=\u00bb1&#8243; custom_padding_last_edited=\u00bbon|phone\u00bb next_background_color=\u00bb#ffffff\u00bb admin_label=\u00bbHeader\u00bb _builder_version=\u00bb4.27.5&#8243; _module_preset=\u00bbdefault\u00bb background_color=\u00bbRGBA(255,255,255,0)\u00bb use_background_color_gradient=\u00bbon\u00bb background_color_gradient_type=\u00bbcircular\u00bb background_color_gradient_direction_radial=\u00bbbottom\u00bb background_color_gradient_stops=\u00bbrgba(224,159,20,0.44) 0%|rgba(0,0,0,0.93) 100%\u00bb background_color_gradient_overlays_image=\u00bbon\u00bb background_color_gradient_start=\u00bbrgba(0,0,0,0.8)\u00bb background_color_gradient_end=\u00bbrgba(0,0,0,0.8)\u00bb background_image=\u00bbhttps:\/\/racescueladepilotos.com.ar\/wp-content\/uploads\/2026\/03\/coche-rojo.jpg\u00bb parallax=\u00bbon\u00bb parallax_method=\u00bboff\u00bb custom_padding=\u00bb120px||0px||false|false\u00bb custom_padding_tablet=\u00bb80px||||false|false\u00bb custom_padding_phone=\u00bb60px||||false|false\u00bb bottom_divider_style=\u00bbcurve\u00bb locked=\u00bboff\u00bb global_colors_info=\u00bb{}\u00bb][et_pb_row _builder_version=\u00bb4.16&#8243; _module_preset=\u00bbdefault\u00bb global_colors_info=\u00bb{}\u00bb][et_pb_column type=\u00bb4_4&#8243; _builder_version=\u00bb4.16&#8243; _module_preset=\u00bbdefault\u00bb global_colors_info=\u00bb{}\u00bb][et_pb_text _builder_version=\u00bb4.27.5&#8243; _module_preset=\u00bbdefault\u00bb header_font=\u00bbMontserrat|900|on|on|||||\u00bb header_text_color=\u00bb#D5FF00&#8243; header_font_size=\u00bb165px\u00bb header_line_height=\u00bb0.7em\u00bb header_font_size_tablet=\u00bb60px\u00bb header_font_size_phone=\u00bb30px\u00bb header_font_size_last_edited=\u00bbon|phone\u00bb global_colors_info=\u00bb{%22gcid-5fba0126-308f-4f42-aa94-6c5d80831bca%22:%91%93}\u00bb]<\/p>\n<h1><span style=\"color: #ffffff;\">MANEJO AVANZADO<\/span><\/h1>\n<p>[\/et_pb_text][\/et_pb_column][\/et_pb_row][et_pb_row column_structure=\u00bb3_5,2_5&#8243; use_custom_gutter=\u00bbon\u00bb gutter_width=\u00bb1&#8243; make_equal=\u00bbon\u00bb _builder_version=\u00bb4.27.5&#8243; _module_preset=\u00bbdefault\u00bb background_color=\u00bb#E02B20&#8243; custom_margin=\u00bb100px||||false|false\u00bb custom_margin_tablet=\u00bb60px||||false|false\u00bb custom_margin_phone=\u00bb20px||||false|false\u00bb custom_margin_last_edited=\u00bbon|phone\u00bb custom_padding=\u00bb0px||0px||true|false\u00bb box_shadow_style=\u00bbpreset4&#8243; box_shadow_horizontal=\u00bb-20vw\u00bb box_shadow_vertical=\u00bb0px\u00bb box_shadow_color=\u00bb#FFFFFF\u00bb box_shadow_horizontal_tablet=\u00bb0vw\u00bb box_shadow_horizontal_phone=\u00bb\u00bb box_shadow_horizontal_last_edited=\u00bbon|phone\u00bb global_colors_info=\u00bb{}\u00bb][et_pb_column type=\u00bb3_5&#8243; _builder_version=\u00bb4.27.5&#8243; _module_preset=\u00bbdefault\u00bb use_background_color_gradient=\u00bbon\u00bb background_color_gradient_direction=\u00bb90deg\u00bb background_color_gradient_stops=\u00bb#0d96e0 0%|rgba(255,255,255,0) 60%\u00bb background_color_gradient_overlays_image=\u00bbon\u00bb background_color_gradient_start=\u00bb#ffffff\u00bb background_color_gradient_end=\u00bbrgba(255,255,255,0)\u00bb background_image=\u00bbhttps:\/\/racescueladepilotos.com.ar\/wp-content\/uploads\/2026\/03\/coche-negro-de-perfil.jpg\u00bb global_colors_info=\u00bb{}\u00bb][et_pb_divider color=\u00bb#E02B20&#8243; divider_weight=\u00bb0px\u00bb _builder_version=\u00bb4.22.2&#8243; _module_preset=\u00bb_initial\u00bb background_color=\u00bbRGBA(255,255,255,0)\u00bb min_height=\u00bb400px\u00bb min_height_tablet=\u00bb300px\u00bb min_height_phone=\u00bb180px\u00bb min_height_last_edited=\u00bbon|phone\u00bb global_colors_info=\u00bb{}\u00bb][\/et_pb_divider][\/et_pb_column][et_pb_column type=\u00bb2_5&#8243; _builder_version=\u00bb4.27.5&#8243; _module_preset=\u00bbdefault\u00bb background_color=\u00bb#0dc7e0&#8243; custom_padding=\u00bb40px|40px|40px|40px|true|true\u00bb custom_padding_tablet=\u00bb40px|40px|40px|40px|true|true\u00bb custom_padding_phone=\u00bb20px|20px|20px|20px|true|true\u00bb custom_padding_last_edited=\u00bbon|phone\u00bb global_colors_info=\u00bb{}\u00bb][et_pb_text _builder_version=\u00bb4.27.5&#8243; _module_preset=\u00bbdefault\u00bb header_font=\u00bbAlmarai||||||||\u00bb header_3_font=\u00bbSyncopate|700||on|||||\u00bb header_3_text_color=\u00bb#000000&#8243; header_3_font_size=\u00bb26px\u00bb header_3_line_height=\u00bb1.2em\u00bb header_3_font_size_tablet=\u00bb20px\u00bb header_3_font_size_phone=\u00bb16px\u00bb header_3_font_size_last_edited=\u00bbon|desktop\u00bb locked=\u00bboff\u00bb global_colors_info=\u00bb{}\u00bb]<\/p>\n<h1><span style=\"color: #ffffff;\"><strong>OBJETIVOS DEL CURSO &gt;&gt;<\/strong><\/span><\/h1>\n<p>[\/et_pb_text][et_pb_text _builder_version=\u00bb4.27.5&#8243; _module_preset=\u00bbdefault\u00bb text_font=\u00bbAlbert Sans||||||||\u00bb text_text_color=\u00bb#FFFFFF\u00bb text_font_size=\u00bb18px\u00bb text_line_height=\u00bb1.5em\u00bb text_font_size_tablet=\u00bb15px\u00bb text_font_size_phone=\u00bb14px\u00bb text_font_size_last_edited=\u00bbon|desktop\u00bb locked=\u00bboff\u00bb global_colors_info=\u00bb{}\u00bb]<\/p>\n<p><span>No se trata de un curso para pilotos de alta competencia, sino de una <\/span><strong>combinaci\u00f3n estrat\u00e9gica de conocimiento y la correspondiente pr\u00e1ctica<\/strong><span> en un <\/span><strong>entorno seguro pero emocionante<\/strong><span>. Un servicio de\u00a0<\/span><strong>fundamental importancia <\/strong><span>para cualquier conductor\u00a0<\/span><strong>al momento de controlar el autom\u00f3vil<\/strong><span>\u00a0en situaciones l\u00edmite, las cuales no son ajenas al tr\u00e1nsito cotidiano.<\/span><\/p>\n<p>[\/et_pb_text][\/et_pb_column][\/et_pb_row][\/et_pb_section][et_pb_section fb_built=\u00bb1&#8243; admin_label=\u00bbServices\u00bb _builder_version=\u00bb4.22.2&#8243; _module_preset=\u00bbdefault\u00bb background_image=\u00bbhttps:\/\/racescueladepilotos.com.ar\/wp-content\/uploads\/2026\/03\/tennis-club-031.png\u00bb locked=\u00bboff\u00bb global_colors_info=\u00bb{}\u00bb][et_pb_row _builder_version=\u00bb4.16&#8243; _module_preset=\u00bbdefault\u00bb custom_padding=\u00bb||27px|||\u00bb global_colors_info=\u00bb{}\u00bb][et_pb_column type=\u00bb4_4&#8243; _builder_version=\u00bb4.16&#8243; _module_preset=\u00bbdefault\u00bb global_colors_info=\u00bb{}\u00bb][et_pb_text _builder_version=\u00bb4.27.5&#8243; _module_preset=\u00bbdefault\u00bb header_4_font=\u00bbMontserrat|800|on|on|||||\u00bb header_4_text_color=\u00bb#FFFFFF\u00bb header_4_font_size=\u00bb120px\u00bb header_4_line_height=\u00bb1.1em\u00bb text_orientation=\u00bbcenter\u00bb width=\u00bb100%\u00bb custom_margin=\u00bb||-80px||false|false\u00bb custom_margin_tablet=\u00bb||-50px||false|false\u00bb custom_margin_phone=\u00bb||-20px||false|false\u00bb custom_margin_last_edited=\u00bbon|phone\u00bb header_4_font_size_tablet=\u00bb80px\u00bb header_4_font_size_phone=\u00bb26px\u00bb header_4_font_size_last_edited=\u00bbon|phone\u00bb header_4_text_shadow_style=\u00bbpreset3&#8243; header_4_text_shadow_blur_strength=\u00bb0.01em\u00bb header_4_text_shadow_color=\u00bb#000000&#8243; header_4_text_shadow_blur_strength_tablet=\u00bb\u00bb header_4_text_shadow_blur_strength_phone=\u00bb0.03em\u00bb header_4_text_shadow_blur_strength_last_edited=\u00bbon|phone\u00bb global_colors_info=\u00bb{}\u00bb]<\/p>\n<h4>6 clases<\/h4>\n<p>[\/et_pb_text][et_pb_text _builder_version=\u00bb4.27.5&#8243; _module_preset=\u00bbdefault\u00bb header_2_font=\u00bbSyncopate|700||on|||||\u00bb header_2_text_color=\u00bb#000000&#8243; header_2_font_size=\u00bb60px\u00bb header_2_line_height=\u00bb1.2em\u00bb text_orientation=\u00bbcenter\u00bb header_2_font_size_tablet=\u00bb32px\u00bb header_2_font_size_phone=\u00bb20px\u00bb header_2_font_size_last_edited=\u00bbon|phone\u00bb locked=\u00bboff\u00bb global_colors_info=\u00bb{}\u00bb]<\/p>\n<h2>pr\u00e1cticas<\/h2>\n<p>[\/et_pb_text][\/et_pb_column][\/et_pb_row][\/et_pb_section][et_pb_section fb_built=\u00bb1&#8243; prev_background_color=\u00bb#ffffff\u00bb _builder_version=\u00bb4.27.5&#8243; _module_preset=\u00bbdefault\u00bb use_background_color_gradient=\u00bbon\u00bb background_color_gradient_direction=\u00bb90deg\u00bb background_color_gradient_stops=\u00bb#0b85c1 28%|#e09900 100%\u00bb custom_padding=\u00bb6px||7px|||\u00bb top_divider_style=\u00bbslant\u00bb top_divider_height=\u00bb52px\u00bb global_colors_info=\u00bb{}\u00bb][et_pb_row _builder_version=\u00bb4.22.2&#8243; _module_preset=\u00bbdefault\u00bb custom_padding=\u00bb73px||47px|||\u00bb global_colors_info=\u00bb{}\u00bb][et_pb_column type=\u00bb4_4&#8243; _builder_version=\u00bb4.22.2&#8243; _module_preset=\u00bbdefault\u00bb global_colors_info=\u00bb{}\u00bb][\/et_pb_column][\/et_pb_row][\/et_pb_section][et_pb_section fb_built=\u00bb1&#8243; _builder_version=\u00bb4.27.5&#8243; _module_preset=\u00bbdefault\u00bb background_enable_color=\u00bboff\u00bb custom_padding=\u00bb||18px|||\u00bb bottom_divider_style=\u00bbwave\u00bb bottom_divider_color=\u00bb#FFFFFF\u00bb global_colors_info=\u00bb{}\u00bb][et_pb_row column_structure=\u00bb1_2,1_2&#8243; _builder_version=\u00bb4.22.2&#8243; _module_preset=\u00bbdefault\u00bb custom_padding=\u00bb||17px|||\u00bb global_colors_info=\u00bb{}\u00bb][et_pb_column type=\u00bb1_2&#8243; _builder_version=\u00bb4.22.2&#8243; _module_preset=\u00bbdefault\u00bb global_colors_info=\u00bb{}\u00bb][et_pb_text _builder_version=\u00bb4.27.5&#8243; _module_preset=\u00bbdefault\u00bb text_text_color=\u00bb#FFFFFF\u00bb text_font_size=\u00bb16px\u00bb header_4_font_size=\u00bb17px\u00bb header_4_line_height=\u00bb1.2em\u00bb custom_margin=\u00bb||5px|||\u00bb custom_padding=\u00bb||4px|||\u00bb global_colors_info=\u00bb{}\u00bb]<\/p>\n<p><span style=\"color: #333333;\"><strong>Una experiencia emocionante<\/strong>\u00a0y divertida para aqu\u00e9llos entusiastas de\u00a0<strong>la conducci\u00f3n deportiva<\/strong>, que desean\u00a0<strong>extraer el mayor provecho de las cualidades de su veh\u00edculo en un circuito,<\/strong>\u00a0sobre todo hoy d\u00eda, en los difundidos eventos\u00a0<strong>Track Day<\/strong>, o cualquier tipo de prueba que tenga como objetivo\u00a0<strong>disfrutar el manejo seguro del autom\u00f3vil en un aut\u00f3dromo<\/strong>.<\/span><\/p>\n<p><span style=\"color: #333333;\">\u00a0<\/span><\/p>\n<p>[\/et_pb_text][et_pb_text _builder_version=\u00bb4.27.5&#8243; _module_preset=\u00bbdefault\u00bb text_font_size=\u00bb16px\u00bb header_4_font_size=\u00bb17px\u00bb header_4_line_height=\u00bb1.2em\u00bb global_colors_info=\u00bb{}\u00bb]<\/p>\n<h4><span style=\"color: #ffffff;\"><span style=\"color: #333333;\">Desde la teor\u00eda a la pr\u00e1ctica, la caracter\u00edstica del curso, consiste en relacionar las diferentes sensaciones que percibe el conductor, respecto a lo que en realidad sucede con la din\u00e1mica del autom\u00f3vil.\u00a0El conductor aprende a interpretar con sus sentidos la informaci\u00f3n que transmite el veh\u00edculo con cada maniobra, facilit\u00e1ndole una mejor comprensi\u00f3n de las t\u00e9cnicas conductivas para controlar con seguridad y responsabilidad, su veh\u00edculo particular, en el manejo<\/span> diario, o bien, en circuito, como pruebas de track days, eventos corporativos o experiencias similares.<\/span><\/h4>\n<p>[\/et_pb_text][et_pb_text _builder_version=\u00bb4.27.5&#8243; _module_preset=\u00bbdefault\u00bb text_font=\u00bbWork Sans||||||||\u00bb header_3_font_size=\u00bb33px\u00bb custom_margin=\u00bb||3px|||\u00bb global_colors_info=\u00bb{}\u00bb]<\/p>\n<h3><span style=\"color: #333333;\"><strong>Pr\u00e1cticas en diferentes unidades &gt;&gt;<\/strong><\/span><\/h3>\n<p>[\/et_pb_text][et_pb_image src=\u00bbhttps:\/\/racescueladepilotos.com.ar\/wp-content\/uploads\/2026\/03\/coche-blanco-de-perfil.jpg\u00bb title_text=\u00bbcoche blanco de perfil\u00bb _builder_version=\u00bb4.27.5&#8243; _module_preset=\u00bbdefault\u00bb global_colors_info=\u00bb{}\u00bb][\/et_pb_image][et_pb_image src=\u00bbhttps:\/\/racescueladepilotos.com.ar\/wp-content\/uploads\/2026\/03\/coche-rojo.jpg\u00bb title_text=\u00bbcoche rojo\u00bb _builder_version=\u00bb4.27.5&#8243; _module_preset=\u00bbdefault\u00bb global_colors_info=\u00bb{}\u00bb][\/et_pb_image][et_pb_image src=\u00bbhttps:\/\/racescueladepilotos.com.ar\/wp-content\/uploads\/2026\/03\/cioche-blanco-de-costado.jpeg\u00bb title_text=\u00bbcioche blanco de costado\u00bb _builder_version=\u00bb4.27.5&#8243; _module_preset=\u00bbdefault\u00bb global_colors_info=\u00bb{}\u00bb][\/et_pb_image][et_pb_image src=\u00bbhttps:\/\/racescueladepilotos.com.ar\/wp-content\/uploads\/2026\/03\/coche-negro-de-perfil.jpg\u00bb title_text=\u00bbcoche negro de perfil\u00bb _builder_version=\u00bb4.27.5&#8243; _module_preset=\u00bbdefault\u00bb global_colors_info=\u00bb{}\u00bb][\/et_pb_image][\/et_pb_column][et_pb_column type=\u00bb1_2&#8243; _builder_version=\u00bb4.22.2&#8243; _module_preset=\u00bbdefault\u00bb global_colors_info=\u00bb{}\u00bb][et_pb_text _builder_version=\u00bb4.27.5&#8243; _module_preset=\u00bbdefault\u00bb text_font=\u00bbWork Sans||||||||\u00bb header_3_font_size=\u00bb33px\u00bb custom_margin=\u00bb||3px|||\u00bb global_colors_info=\u00bb{}\u00bb]<\/p>\n<h3><span style=\"color: #000000;\"><strong>Desarrollo del curso de<br \/>Manejo Avanzado &gt;&gt;<\/strong><\/span><\/h3>\n<p>[\/et_pb_text][et_pb_text _builder_version=\u00bb4.27.5&#8243; _module_preset=\u00bbdefault\u00bb text_font_size=\u00bb16px\u00bb header_4_font_size=\u00bb17px\u00bb header_4_line_height=\u00bb1.2em\u00bb global_colors_info=\u00bb{}\u00bb]<\/p>\n<p><span>El Curso es\u00a0<\/span><strong>\u00edntegramente personalizado<\/strong><span>. La ventaja de esta modalidad de ense\u00f1anza, consiste en focalizar el perfil del conductor con el fin de corregir posibles vicios individuales y la particular interpretaci\u00f3n sobre el manejo del auto, de esa manera adecuamos la instrucci\u00f3n a las necesidades de aprendizaje de cada participante.\u00a0\u00a0<\/span><em>M\u00e9todo implementado desde 1982 por Jos\u00e9 Valent\u00edn Bianchi &#8211; Escuela de Pilotos.<\/em><\/p>\n<p>[\/et_pb_text][et_pb_text _builder_version=\u00bb4.27.5&#8243; _module_preset=\u00bbdefault\u00bb text_font_size=\u00bb16px\u00bb header_2_font=\u00bbWork Sans||||||||\u00bb header_4_font_size=\u00bb17px\u00bb header_4_line_height=\u00bb1.2em\u00bb global_colors_info=\u00bb{}\u00bb]<\/p>\n<h2><span>El Curso de Manejo Avanzado<br \/>consta de 6 clases pr\u00e1cticas<\/span><\/h2>\n<p>&nbsp;<\/p>\n<p><span>Durante la primera clase\u00a0te\u00f3rico-demostrativa, clase com\u00fan al Curso de Pilotos, y a bordo del veh\u00edculo-escuela, ya en el circuito, el instructor expone los contenidos, mientras procede a la\u00a0demostraci\u00f3n pr\u00e1ctica en relaci\u00f3n a cada tema. M\u00e9todo eficaz por medio del cual el alumno percibe con sus sentidos la descripci\u00f3n te\u00f3rica al interpretar la din\u00e1mica del autom\u00f3vil seg\u00fan la situaci\u00f3n. Una manera segura de acelerar el proceso de aprendizaje desde la teor\u00eda a la acci\u00f3n.<\/span><\/p>\n<p><span>En las siguientes cinco clases, el alumno procede a realizar\u00a0sus pr\u00e1cticas, en las que guido por su instructor, ir\u00e1 incrementando progresivamente el grado de dificultad de los ejercicios. Durante los \u00faltimos ensayos, se analizan, ejercitan y corrigen las t\u00e9cnicas de conducci\u00f3n de media y alta velocidad en circuito, optimizando las maniobras de frenado, selecci\u00f3n de marchas, ingreso y trayectorias eficaces, al trazar los distintos tipos de curvas seg\u00fan sus caracter\u00edsticas, y velocidad.<\/span><\/p>\n<p><span>Durante todas las pr\u00e1cticas, el alumno es acompa\u00f1ado\u00a0y guiado por el instructor a bordo de las unidades-escuela, veh\u00edculos convenientemente adecuados para la exigencia de la pista.<\/span><\/p>\n<p>[\/et_pb_text][et_pb_text _builder_version=\u00bb4.27.5&#8243; _module_preset=\u00bbdefault\u00bb text_font_size=\u00bb16px\u00bb header_4_font_size=\u00bb17px\u00bb header_4_line_height=\u00bb1.2em\u00bb custom_margin=\u00bb||13px|||\u00bb global_colors_info=\u00bb{}\u00bb]<\/p>\n<h3><span style=\"text-decoration: underline;\"><strong>Desarrollo del curso de Manejo Avanzado:<\/strong><\/span><\/h3>\n<p>[\/et_pb_text][et_pb_text _builder_version=\u00bb4.27.5&#8243; _module_preset=\u00bbdefault\u00bb text_font_size=\u00bb16px\u00bb header_4_font_size=\u00bb17px\u00bb header_4_line_height=\u00bb1.2em\u00bb custom_padding=\u00bb||0px|||\u00bb global_colors_info=\u00bb{}\u00bb]<\/p>\n<h3><strong>Tem\u00e1tica:<\/strong><\/h3>\n<ul>\n<li><span>Correcta posici\u00f3n de manejo.<\/span><\/li>\n<li><span>Seguridad pasiva y activa.<\/span><\/li>\n<li><span>An\u00e1lisis de la conducci\u00f3n deportiva<\/span><\/li>\n<li><span>Funcionamiento din\u00e1mico del autom\u00f3vil<\/span><\/li>\n<li><span>Factor adherencia.<\/span><\/li>\n<li><span>Actitud del auto seg\u00fan las maniobras.<\/span><\/li>\n<li><span>Optimizaci\u00f3n del frenado lineal y en curva.<\/span><\/li>\n<li><span>Trayectorias seg\u00fan el grado de dificultad que plantean los diferentes tipos de curvas.<\/span><\/li>\n<li><span>Combinaci\u00f3n efectiva de maniobra, trayectoria y actitud del veh\u00edculo.<\/span><\/li>\n<\/ul>\n<p>[\/et_pb_text][et_pb_text _builder_version=\u00bb4.27.5&#8243; _module_preset=\u00bbdefault\u00bb text_font_size=\u00bb16px\u00bb global_colors_info=\u00bb{}\u00bb]<\/p>\n<p><span>Finalizado el Curso de Manejo Avanzado, habr\u00e1s obtenido un razonable c\u00famulo\u00a0<\/span><strong>de conocimientos que<span>\u00a0<\/span><\/strong><span>resultar\u00e1n muy valiosos<\/span><strong><br \/>a la hora de conducir <\/strong>t<span>u auto particular en el tr\u00e1nsito diario.<\/span><\/p>\n<p>As\u00ed mismo, como<strong>\u00a0entusiasta del automovilismo deportivo en pruebas de circuito, aprovechando las prestaciones del veh\u00edculo pero sin sacrificar los elementos.<\/strong><span>\u00a0Tanto en la calle como en la pista,\u00a0<\/span><strong>control y seguridad,<span>\u00a0<\/span><\/strong><span>por ende,\u00a0<\/span><strong>responsabilidad que implica el conocimiento.<\/strong><\/p>\n<p><strong> <\/strong><\/p>\n<p><em>Si tu intenci\u00f3n es alcanzar un nivel t\u00e9cnico aplicado al automovilismo de competici\u00f3n, te damos la bienvenida al <\/em><strong><a href=\"https:\/\/www.jbianchirac.com.ar\/index.php\/escuela-de-pilotos\/curso-de-pilotos\">Curso de Pilotos.<\/a><br \/><\/strong><\/p>\n<p>[\/et_pb_text][\/et_pb_column][\/et_pb_row][\/et_pb_section][et_pb_section fb_built=\u00bb1&#8243; prev_background_color=\u00bb#ffffff\u00bb _builder_version=\u00bb4.27.5&#8243; _module_preset=\u00bbdefault\u00bb background_color=\u00bb#E09900&#8243; min_height=\u00bb268.9px\u00bb custom_margin=\u00bb154px|||||\u00bb custom_padding=\u00bb89px||8px|||\u00bb top_divider_style=\u00bbwave\u00bb locked=\u00bboff\u00bb global_colors_info=\u00bb{}\u00bb][et_pb_row _builder_version=\u00bb4.27.5&#8243; _module_preset=\u00bbdefault\u00bb custom_margin=\u00bb36px|auto||auto||\u00bb custom_padding=\u00bb10px||31px|||\u00bb global_colors_info=\u00bb{}\u00bb][et_pb_column type=\u00bb4_4&#8243; _builder_version=\u00bb4.27.5&#8243; _module_preset=\u00bbdefault\u00bb global_colors_info=\u00bb{}\u00bb][et_pb_button button_url=\u00bbhttps:\/\/wa.me\/5491165330413\/?text=M\u00e1s%20info%20del%20%20curso%20MANEJO%20AVANZADO,%20por%20favor\u00bb url_new_window=\u00bbon\u00bb button_text=\u00bbinfo x whatssapp\u00bb button_alignment=\u00bbcenter\u00bb _builder_version=\u00bb4.27.6&#8243; _module_preset=\u00bbdefault\u00bb custom_button=\u00bbon\u00bb button_text_size=\u00bb14px\u00bb button_text_color=\u00bb#000000&#8243; button_bg_color=\u00bb#7CDA24&#8243; button_border_width=\u00bb0px\u00bb button_border_radius=\u00bb0px\u00bb button_letter_spacing=\u00bb2px\u00bb button_font=\u00bbSyncopate|700||on|||||\u00bb button_use_icon=\u00bboff\u00bb custom_margin=\u00bb||39px|||\u00bb custom_padding=\u00bb18px|30px|18px|30px|true|true\u00bb custom_padding_tablet=\u00bb16px|25px|16px|25px|true|true\u00bb custom_padding_phone=\u00bb14px|20px|14px|20px|true|true\u00bb custom_padding_last_edited=\u00bbon|phone\u00bb hover_enabled=\u00bb0&#8243; global_colors_info=\u00bb{}\u00bb button_text_color__hover=\u00bb#D5FF00&#8243; button_text_color__hover_enabled=\u00bbon|hover\u00bb sticky_enabled=\u00bb0&#8243;][\/et_pb_button][et_pb_text _builder_version=\u00bb4.27.5&#8243; _module_preset=\u00bbdefault\u00bb text_font_size=\u00bb20px\u00bb text_orientation=\u00bbcenter\u00bb global_colors_info=\u00bb{}\u00bb]<\/p>\n<p><span style=\"text-decoration: underline; color: #000000;\"><strong>Contacto por correo electr\u00f3nico:<\/strong><\/span><span><span><\/span><\/span><\/p>\n<p><span style=\"color: #ffffff;\"><span id=\"cloaka6ec4aba6d0cb7ba62a33ba3d87c5d29\"><a href=\"mailto:escueladepilotos@jbianchirac.com.ar\" style=\"color: #ffffff;\">escueladepilotos@jbianchirac.com.ar<\/a><\/span><\/span><\/p>\n<p><span style=\"color: #ffffff;\"><span id=\"cloaka6ec4aba6d0cb7ba62a33ba3d87c5d29\"><\/span><span id=\"cloakd3571d1e85e1868a8611e8a22e763ad3\"><a href=\"mailto:rac@racingadvancedcourse.com\" style=\"color: #ffffff;\">rac@racingadvancedcourse.com<\/a><\/span><\/span><\/p>\n<p>[\/et_pb_text][\/et_pb_column][\/et_pb_row][\/et_pb_section]<\/p>\n","protected":false},"excerpt":{"rendered":"<p>MANEJO AVANZADOOBJETIVOS DEL CURSO &gt;&gt;No se trata de un curso para pilotos de alta competencia, sino de una combinaci\u00f3n estrat\u00e9gica de conocimiento y la correspondiente pr\u00e1ctica en un entorno seguro pero emocionante. Un servicio de\u00a0fundamental importancia para cualquier conductor\u00a0al momento de controlar el autom\u00f3vil\u00a0en situaciones l\u00edmite, las cuales no son ajenas al tr\u00e1nsito cotidiano.6 clasespr\u00e1cticasUna [&hellip;]<\/p>\n","protected":false},"author":1,"featured_media":0,"parent":0,"menu_order":0,"comment_status":"closed","ping_status":"closed","template":"","meta":{"_et_pb_use_builder":"on","_et_pb_old_content":"","_et_gb_content_width":"","footnotes":""},"class_list":["post-212","page","type-page","status-publish","hentry"],"_links":{"self":[{"href":"https:\/\/racescueladepilotos.com.ar\/index.php\/wp-json\/wp\/v2\/pages\/212","targetHints":{"allow":["GET"]}}],"collection":[{"href":"https:\/\/racescueladepilotos.com.ar\/index.php\/wp-json\/wp\/v2\/pages"}],"about":[{"href":"https:\/\/racescueladepilotos.com.ar\/index.php\/wp-json\/wp\/v2\/types\/page"}],"author":[{"embeddable":true,"href":"https:\/\/racescueladepilotos.com.ar\/index.php\/wp-json\/wp\/v2\/users\/1"}],"replies":[{"embeddable":true,"href":"https:\/\/racescueladepilotos.com.ar\/index.php\/wp-json\/wp\/v2\/comments?post=212"}],"version-history":[{"count":4,"href":"https:\/\/racescueladepilotos.com.ar\/index.php\/wp-json\/wp\/v2\/pages\/212\/revisions"}],"predecessor-version":[{"id":826,"href":"https:\/\/racescueladepilotos.com.ar\/index.php\/wp-json\/wp\/v2\/pages\/212\/revisions\/826"}],"wp:attachment":[{"href":"https:\/\/racescueladepilotos.com.ar\/index.php\/wp-json\/wp\/v2\/media?parent=212"}],"curies":[{"name":"wp","href":"https:\/\/api.w.org\/{rel}","templated":true}]}}