{"id":193,"date":"2026-03-06T01:51:11","date_gmt":"2026-03-06T01:51:11","guid":{"rendered":"https:\/\/racescueladepilotos.com.ar\/?page_id=193"},"modified":"2026-03-13T02:27:58","modified_gmt":"2026-03-13T02:27:58","slug":"193-2","status":"publish","type":"page","link":"https:\/\/racescueladepilotos.com.ar\/index.php\/193-2\/","title":{"rendered":"LO QUE HAY QUE SABER"},"content":{"rendered":"<p>[et_pb_section fb_built=\u00bb1&#8243; _builder_version=\u00bb4.27.5&#8243; _module_preset=\u00bbdefault\u00bb custom_padding=\u00bb26px|||||\u00bb global_colors_info=\u00bb{}\u00bb][et_pb_row _builder_version=\u00bb4.27.5&#8243; _module_preset=\u00bbdefault\u00bb custom_padding=\u00bb17px||13px|||\u00bb hover_enabled=\u00bb0&#8243; global_colors_info=\u00bb{}\u00bb sticky_enabled=\u00bb0&#8243;][et_pb_column type=\u00bb4_4&#8243; _builder_version=\u00bb4.27.5&#8243; _module_preset=\u00bbdefault\u00bb global_colors_info=\u00bb{}\u00bb][et_pb_text _builder_version=\u00bb4.27.6&#8243; _module_preset=\u00bbdefault\u00bb text_font=\u00bbAlbert Sans||||||||\u00bb text_font_size=\u00bb73px\u00bb text_letter_spacing=\u00bb4px\u00bb use_background_color_gradient=\u00bbon\u00bb background_color_gradient_direction=\u00bb90deg\u00bb background_color_gradient_stops=\u00bb#e09900 0%|#ff0000 57%|#ffffff 100%\u00bb min_height=\u00bb20px\u00bb custom_padding=\u00bb13px|||32px|false|false\u00bb hover_enabled=\u00bb0&#8243; locked=\u00bboff\u00bb global_colors_info=\u00bb{}\u00bb sticky_enabled=\u00bb0&#8243;]<\/p>\n<h1 class=\"article-title\" itemprop=\"headline\"><strong><span style=\"color: #f9f9f9;\">LO QUE HAY\u00a0<\/span><br \/><span style=\"color: #f9f9f9;\">QUE SABER<\/span><\/strong><\/h1>\n<p>[\/et_pb_text][et_pb_text _builder_version=\u00bb4.27.6&#8243; _module_preset=\u00bbdefault\u00bb global_colors_info=\u00bb{}\u00bb]<\/p>\n<h1 class=\"page-title\"><strong>Informaci\u00f3n t\u00e9cnica de conducci\u00f3n deportiva en automovilismo de competici\u00f3n<\/strong><\/h1>\n<p>[\/et_pb_text][\/et_pb_column][\/et_pb_row][et_pb_row _builder_version=\u00bb4.27.5&#8243; _module_preset=\u00bbdefault\u00bb custom_padding=\u00bb13px|||||\u00bb global_colors_info=\u00bb{}\u00bb][et_pb_column type=\u00bb4_4&#8243; _builder_version=\u00bb4.27.5&#8243; _module_preset=\u00bbdefault\u00bb global_colors_info=\u00bb{}\u00bb][et_pb_text _builder_version=\u00bb4.27.5&#8243; _module_preset=\u00bbdefault\u00bb global_colors_info=\u00bb{}\u00bb]<\/p>\n<h2 class=\"article-title\" itemprop=\"headline\"><a href=\"https:\/\/www.jbianchirac.com.ar\/index.php\/escuela-de-pilotos\/informacion-tecnica\/314-codigo-de-banderas-senalizacion\" itemprop=\"url\" title=\"C\u00f3digo de Banderas \/ Se\u00f1alizaci\u00f3n\">C\u00f3digo de Banderas \/ Se\u00f1alizaci\u00f3n<\/a><\/h2>\n<p>[\/et_pb_text][et_pb_image src=\u00bbhttps:\/\/racescueladepilotos.com.ar\/wp-content\/uploads\/2026\/03\/codigo-de-banderas.jpg\u00bb title_text=\u00bbcodigo de banderas\u00bb _builder_version=\u00bb4.27.5&#8243; _module_preset=\u00bbdefault\u00bb global_colors_info=\u00bb{}\u00bb][\/et_pb_image][\/et_pb_column][\/et_pb_row][et_pb_row _builder_version=\u00bb4.27.5&#8243; _module_preset=\u00bbdefault\u00bb custom_padding=\u00bb||24px|||\u00bb global_colors_info=\u00bb{}\u00bb][et_pb_column type=\u00bb4_4&#8243; _builder_version=\u00bb4.27.5&#8243; _module_preset=\u00bbdefault\u00bb global_colors_info=\u00bb{}\u00bb][et_pb_text _builder_version=\u00bb4.27.5&#8243; _module_preset=\u00bbdefault\u00bb global_colors_info=\u00bb{}\u00bb]<\/p>\n<h1 class=\"article-title\" itemprop=\"headline\"><a href=\"https:\/\/www.jbianchirac.com.ar\/index.php\/escuela-de-pilotos\/informacion-tecnica\/breves-conceptos-de-manejo\" itemprop=\"url\" title=\"Breves Conceptos\">Breves Conceptos<\/a><\/h1>\n<p>[\/et_pb_text][et_pb_text _builder_version=\u00bb4.27.5&#8243; _module_preset=\u00bbdefault\u00bb text_font_size=\u00bb16px\u00bb global_colors_info=\u00bb{}\u00bb]<\/p>\n<ul>\n<li><span><strong>La Aut\u00e9ntica Conducci\u00f3n Deportiva<\/strong>\u00a0resulta del\u00a0<strong>conocimiento t\u00e9cnico y el entrenamiento necesario y adecuado<\/strong>\u00a0para controlar el auto con seguridad ante cualquier circunstancia y con la m\u00e1xima eficacia posible.<\/span><\/li>\n<\/ul>\n<p>&nbsp;<\/p>\n<ul>\n<li><span><strong>El objetivo del piloto<\/strong>\u00a0consiste en\u00a0<strong>dominar el b\u00f3lido<\/strong>\u00a0al l\u00edmite de sus caracter\u00edsticas y de la pista.\u00a0<\/span><span><strong>La responsabilidad del conductor en el tr\u00e1nsito cotidiano<\/strong>\u00a0<strong>es la de evitar una situaci\u00f3n l\u00edmite,<\/strong>\u00a0eventualmente dominar el auto y salvar un accidente, o en lo posible,\u00a0 reducir al m\u00ednimo las consecuencias.<\/span><\/li>\n<\/ul>\n<p>&nbsp;<\/p>\n<ul>\n<li><span>Independientemente de los m\u00e1s completos y sofisticados sistemas de seguridad activa del veh\u00edculo,\u00a0<strong>el control real y absoluto del b\u00f3lido, pertenece, y es fundamental responsabilidad, de quien lo conduce.<\/strong><\/span><\/li>\n<\/ul>\n<p>&nbsp;<\/p>\n<ul>\n<li><span>Si bien la mayor\u00eda de veces las\u00a0<strong>consecuencias<\/strong>\u00a0de un incidente o accidente dependen de la\u00a0<strong>velocidad de circulaci\u00f3n<\/strong>, la\u00a0<strong>situaci\u00f3n l\u00edmite depende de la relaci\u00f3n distancia\/tiempo<\/strong>. Por ejemplo, resolver una maniobra evasiva en 30 metros a 60 kph, solo tienes 1,8 segundos para lograrlo. Es un lapso de tiempo ajustado pero humanamente posible, siempre y cuando tu actitud al volante sea la adecuada a cualquier circunstancia, desde una razonable posici\u00f3n de manejo, la fundamental atenci\u00f3n del entorno, y una base t\u00e9cnica de manejo para saber como reaccionar correctamente. Evitar una trajedia puede ser factible, o imposible.\u00a0\u00a0<\/span><\/li>\n<\/ul>\n<p><span><\/span><\/p>\n<p>&nbsp;<\/p>\n<ul>\n<li><span><strong>Educar nuestros reflejos<\/strong>\u00a0por medio de las t\u00e9cnicas de conducci\u00f3n y su correspondiente ejercicio, nos permite dentro de lo humanamente posible,\u00a0<strong>reaccionar con anticipaci\u00f3n\u00a0<\/strong>y efectuar la maniobra correcta de acuerdo a las circunstancias.<\/span><\/li>\n<\/ul>\n<p>&nbsp;<\/p>\n<ul>\n<li><span><strong>La adecuada posici\u00f3n de manejo<\/strong>\u00a0es imprescindible en orden de una\u00a0<strong>conducci\u00f3n confortable y conveniente<\/strong>\u00a0para extraer el m\u00e1ximo potencial de uno mismo sobre el\u00a0<strong>control del automovil.<\/strong><\/span><\/li>\n<\/ul>\n<p>&nbsp;<\/p>\n<ul>\n<li><span>En la conducci\u00f3n,\u00a0<strong>la vista es el \u00fanico y fundamental sentido de anticipaci\u00f3n<\/strong>. El campo visual se proyecta de modo din\u00e1mico y constante a una distancia\u00a0<strong>dire<\/strong><\/span><span><strong>ctamente proporcional a la velocidad de desplazamiento<\/strong>.<\/span><\/li>\n<\/ul>\n<p>&nbsp;<\/p>\n<ul>\n<li><span>Basado en el\u00a0<strong>conocimiento t\u00e9cnico y un razonable entrenamiento,\u00a0<\/strong>el piloto\/conductor logra comprender la din\u00e1mica del autom\u00f3vil, optimiza las t\u00e9cnicas de manejo y aprovecha<strong>\u00a0al m\u00e1ximo su potencial y el del medio mec\u00e1nico.<\/strong><\/span><\/li>\n<\/ul>\n<p>&nbsp;<\/p>\n<p>[\/et_pb_text][\/et_pb_column][\/et_pb_row][et_pb_row _builder_version=\u00bb4.27.5&#8243; _module_preset=\u00bbdefault\u00bb global_colors_info=\u00bb{}\u00bb][et_pb_column type=\u00bb4_4&#8243; _builder_version=\u00bb4.27.5&#8243; _module_preset=\u00bbdefault\u00bb global_colors_info=\u00bb{}\u00bb][et_pb_image src=\u00bbhttps:\/\/racescueladepilotos.com.ar\/wp-content\/uploads\/2026\/03\/ilustrativa.jpg\u00bb title_text=\u00bbilustrativa\u00bb _builder_version=\u00bb4.27.5&#8243; _module_preset=\u00bbdefault\u00bb global_colors_info=\u00bb{}\u00bb][\/et_pb_image][\/et_pb_column][\/et_pb_row][et_pb_row column_structure=\u00bb1_2,1_2&#8243; _builder_version=\u00bb4.27.5&#8243; _module_preset=\u00bbdefault\u00bb custom_padding=\u00bb19px|||||\u00bb global_colors_info=\u00bb{}\u00bb][et_pb_column type=\u00bb1_2&#8243; _builder_version=\u00bb4.27.5&#8243; _module_preset=\u00bbdefault\u00bb global_colors_info=\u00bb{}\u00bb][et_pb_image src=\u00bbhttps:\/\/racescueladepilotos.com.ar\/wp-content\/uploads\/2026\/03\/generica.jpg\u00bb title_text=\u00bbgenerica\u00bb _builder_version=\u00bb4.27.5&#8243; _module_preset=\u00bbdefault\u00bb global_colors_info=\u00bb{}\u00bb][\/et_pb_image][\/et_pb_column][et_pb_column type=\u00bb1_2&#8243; _builder_version=\u00bb4.27.5&#8243; _module_preset=\u00bbdefault\u00bb global_colors_info=\u00bb{}\u00bb][et_pb_text _builder_version=\u00bb4.27.5&#8243; _module_preset=\u00bbdefault\u00bb text_font_size=\u00bb44px\u00bb text_letter_spacing=\u00bb3px\u00bb text_line_height=\u00bb1em\u00bb custom_margin=\u00bb||16px|||\u00bb global_colors_info=\u00bb{}\u00bb]<\/p>\n<p><span>El control est\u00e1 en tus manos<\/span><\/p>\n<p>[\/et_pb_text][et_pb_text _builder_version=\u00bb4.27.5&#8243; _module_preset=\u00bbdefault\u00bb text_font_size=\u00bb16px\u00bb global_colors_info=\u00bb{}\u00bb]<\/p>\n<p><span>Estos conceptos b\u00e1sicos y muchos m\u00e1s, los podr\u00e1s experimentar en el\u00a0<\/span><strong>Curso de Pilotos<\/strong><span>. Adem\u00e1s del desarrollo te\u00f3rico-demostrativo inicial, en el que tus sentidos comienzan a comprender la din\u00e1mica de la conducci\u00f3n, tendr\u00e1s la oportunidad de desarrollar la correspondiente pr\u00e1ctica, sumando una importante cantidad de kil\u00f3metraje en la pista y sobre autom\u00f3viles de competici\u00f3n,\u00a0<\/span><strong>\u00fanico m\u00e9todo eficaz para<\/strong><span>\u00a0<\/span><strong>comprender y valorar\u00a0la Conducci\u00f3n de Alto Rendimiento<span>\u00a0<\/span><\/strong><span>y el control del autom\u00f3vil bajo cualquier circunstancia.\u00a0 \u00a0<\/span><\/p>\n<p>[\/et_pb_text][\/et_pb_column][\/et_pb_row][\/et_pb_section][et_pb_section fb_built=\u00bb1&#8243; prev_background_color=\u00bb#ffffff\u00bb _builder_version=\u00bb4.27.5&#8243; _module_preset=\u00bbdefault\u00bb background_color=\u00bb#fcc100&#8243; custom_padding=\u00bb||15px|||\u00bb top_divider_style=\u00bbmountains\u00bb global_colors_info=\u00bb{}\u00bb][et_pb_row column_structure=\u00bb1_6,1_6,1_6,1_6,1_6,1_6&#8243; _builder_version=\u00bb4.27.5&#8243; _module_preset=\u00bbdefault\u00bb global_colors_info=\u00bb{}\u00bb][et_pb_column type=\u00bb1_6&#8243; _builder_version=\u00bb4.27.5&#8243; _module_preset=\u00bbdefault\u00bb global_colors_info=\u00bb{}\u00bb][et_pb_text _builder_version=\u00bb4.27.5&#8243; _module_preset=\u00bbdefault\u00bb text_font=\u00bbAlbert Sans||||||||\u00bb text_font_size=\u00bb19px\u00bb custom_margin=\u00bb12px||||false|false\u00bb global_colors_info=\u00bb{}\u00bb]<\/p>\n<p style=\"text-align: right;\"><span style=\"color: #ff0000;\">SABER M\u00c1S<\/span><\/p>\n<p>[\/et_pb_text][\/et_pb_column][et_pb_column type=\u00bb1_6&#8243; _builder_version=\u00bb4.27.5&#8243; _module_preset=\u00bbdefault\u00bb global_colors_info=\u00bb{}\u00bb][et_pb_button button_url=\u00bbhttps:\/\/racescueladepilotos.com.ar\/index.php\/265-2\/%20&#8243; button_text=\u00bbSIGUIENTE\u00bb _builder_version=\u00bb4.27.6&#8243; _module_preset=\u00bbdefault\u00bb custom_button=\u00bbon\u00bb button_text_color=\u00bb#FFFFFF\u00bb button_bg_color=\u00bb#ff0000&#8243; background_layout=\u00bbdark\u00bb global_colors_info=\u00bb{}\u00bb][\/et_pb_button][\/et_pb_column][et_pb_column type=\u00bb1_6&#8243; _builder_version=\u00bb4.27.5&#8243; _module_preset=\u00bbdefault\u00bb global_colors_info=\u00bb{}\u00bb][\/et_pb_column][et_pb_column type=\u00bb1_6&#8243; _builder_version=\u00bb4.27.5&#8243; _module_preset=\u00bbdefault\u00bb global_colors_info=\u00bb{}\u00bb][\/et_pb_column][et_pb_column type=\u00bb1_6&#8243; _builder_version=\u00bb4.27.5&#8243; _module_preset=\u00bbdefault\u00bb global_colors_info=\u00bb{}\u00bb][\/et_pb_column][et_pb_column type=\u00bb1_6&#8243; _builder_version=\u00bb4.27.5&#8243; _module_preset=\u00bbdefault\u00bb global_colors_info=\u00bb{}\u00bb][\/et_pb_column][\/et_pb_row][\/et_pb_section]<\/p>\n","protected":false},"excerpt":{"rendered":"<p>LO QUE HAY\u00a0QUE SABERInformaci\u00f3n t\u00e9cnica de conducci\u00f3n deportiva en automovilismo de competici\u00f3nC\u00f3digo de Banderas \/ Se\u00f1alizaci\u00f3nBreves Conceptos La Aut\u00e9ntica Conducci\u00f3n Deportiva\u00a0resulta del\u00a0conocimiento t\u00e9cnico y el entrenamiento necesario y adecuado\u00a0para controlar el auto con seguridad ante cualquier circunstancia y con la m\u00e1xima eficacia posible. &nbsp; El objetivo del piloto\u00a0consiste en\u00a0dominar el b\u00f3lido\u00a0al l\u00edmite de sus caracter\u00edsticas [&hellip;]<\/p>\n","protected":false},"author":1,"featured_media":0,"parent":0,"menu_order":0,"comment_status":"closed","ping_status":"closed","template":"","meta":{"_et_pb_use_builder":"on","_et_pb_old_content":"","_et_gb_content_width":"","footnotes":""},"class_list":["post-193","page","type-page","status-publish","hentry"],"_links":{"self":[{"href":"https:\/\/racescueladepilotos.com.ar\/index.php\/wp-json\/wp\/v2\/pages\/193","targetHints":{"allow":["GET"]}}],"collection":[{"href":"https:\/\/racescueladepilotos.com.ar\/index.php\/wp-json\/wp\/v2\/pages"}],"about":[{"href":"https:\/\/racescueladepilotos.com.ar\/index.php\/wp-json\/wp\/v2\/types\/page"}],"author":[{"embeddable":true,"href":"https:\/\/racescueladepilotos.com.ar\/index.php\/wp-json\/wp\/v2\/users\/1"}],"replies":[{"embeddable":true,"href":"https:\/\/racescueladepilotos.com.ar\/index.php\/wp-json\/wp\/v2\/comments?post=193"}],"version-history":[{"count":9,"href":"https:\/\/racescueladepilotos.com.ar\/index.php\/wp-json\/wp\/v2\/pages\/193\/revisions"}],"predecessor-version":[{"id":836,"href":"https:\/\/racescueladepilotos.com.ar\/index.php\/wp-json\/wp\/v2\/pages\/193\/revisions\/836"}],"wp:attachment":[{"href":"https:\/\/racescueladepilotos.com.ar\/index.php\/wp-json\/wp\/v2\/media?parent=193"}],"curies":[{"name":"wp","href":"https:\/\/api.w.org\/{rel}","templated":true}]}}