{"id":174,"date":"2026-03-06T01:41:43","date_gmt":"2026-03-06T01:41:43","guid":{"rendered":"https:\/\/racescueladepilotos.com.ar\/?page_id=174"},"modified":"2026-03-06T01:42:03","modified_gmt":"2026-03-06T01:42:03","slug":"174-2","status":"publish","type":"page","link":"https:\/\/racescueladepilotos.com.ar\/index.php\/174-2\/","title":{"rendered":"FAQ"},"content":{"rendered":"<p>[et_pb_section fb_built=\u00bb1&#8243; admin_label=\u00bbServices\u00bb _builder_version=\u00bb4.27.5&#8243; _module_preset=\u00bbdefault\u00bb background_color=\u00bbRGBA(255,255,255,0)\u00bb background_enable_image=\u00bboff\u00bb background_blend=\u00bbluminosity\u00bb custom_padding=\u00bb||0px|||\u00bb locked=\u00bboff\u00bb global_colors_info=\u00bb{}\u00bb theme_builder_area=\u00bbpost_content\u00bb][et_pb_row _builder_version=\u00bb4.16&#8243; _module_preset=\u00bbdefault\u00bb custom_padding=\u00bb||27px|||\u00bb global_colors_info=\u00bb{}\u00bb theme_builder_area=\u00bbpost_content\u00bb][et_pb_column type=\u00bb4_4&#8243; _builder_version=\u00bb4.16&#8243; _module_preset=\u00bbdefault\u00bb global_colors_info=\u00bb{}\u00bb theme_builder_area=\u00bbpost_content\u00bb][et_pb_text _builder_version=\u00bb4.27.5&#8243; _module_preset=\u00bb81971a75-841c-49d0-bfb5-1ec934ba9dc0&#8243; header_4_font=\u00bbMontserrat|800|on|on|||||\u00bb header_4_text_color=\u00bb#FFFFFF\u00bb header_4_font_size=\u00bb120px\u00bb header_4_line_height=\u00bb1.1em\u00bb text_orientation=\u00bbcenter\u00bb width=\u00bb100%\u00bb custom_margin=\u00bb||-80px||false|false\u00bb custom_margin_tablet=\u00bb||-50px||false|false\u00bb custom_margin_phone=\u00bb||-20px||false|false\u00bb custom_margin_last_edited=\u00bbon|phone\u00bb header_4_font_size_tablet=\u00bb80px\u00bb header_4_font_size_phone=\u00bb26px\u00bb header_4_font_size_last_edited=\u00bbon|phone\u00bb header_4_text_shadow_style=\u00bbpreset3&#8243; header_4_text_shadow_blur_strength=\u00bb0.01em\u00bb header_4_text_shadow_color=\u00bb#000000&#8243; header_4_text_shadow_blur_strength_tablet=\u00bb\u00bb header_4_text_shadow_blur_strength_phone=\u00bb0.03em\u00bb header_4_text_shadow_blur_strength_last_edited=\u00bbon|phone\u00bb global_colors_info=\u00bb{}\u00bb theme_builder_area=\u00bbpost_content\u00bb]<\/p>\n<h4>faq<\/h4>\n<p>[\/et_pb_text][et_pb_text _builder_version=\u00bb4.27.5&#8243; _module_preset=\u00bb33d8ed47-9575-4183-ae48-b1d6c4145db4&#8243; header_2_font=\u00bbSyncopate|700||on|||||\u00bb header_2_text_color=\u00bb#000000&#8243; header_2_font_size=\u00bb60px\u00bb header_2_line_height=\u00bb1.2em\u00bb text_orientation=\u00bbcenter\u00bb header_2_font_size_tablet=\u00bb32px\u00bb header_2_font_size_phone=\u00bb20px\u00bb header_2_font_size_last_edited=\u00bbon|phone\u00bb locked=\u00bboff\u00bb global_colors_info=\u00bb{}\u00bb theme_builder_area=\u00bbpost_content\u00bb]<\/p>\n<h2>PREGUNTAS FRECUENTES<\/h2>\n<p>[\/et_pb_text][\/et_pb_column][\/et_pb_row][\/et_pb_section][et_pb_section fb_built=\u00bb1&#8243; _builder_version=\u00bb4.27.5&#8243; _module_preset=\u00bbdefault\u00bb background_image=\u00bbhttps:\/\/racescueladepilotos.com.ar\/wp-content\/uploads\/2026\/03\/tennis-club-031.png\u00bb global_colors_info=\u00bb{}\u00bb theme_builder_area=\u00bbpost_content\u00bb][et_pb_row _builder_version=\u00bb4.27.5&#8243; _module_preset=\u00bbdefault\u00bb custom_padding=\u00bb0px|||||\u00bb global_colors_info=\u00bb{}\u00bb theme_builder_area=\u00bbpost_content\u00bb][et_pb_column type=\u00bb4_4&#8243; _builder_version=\u00bb4.27.5&#8243; _module_preset=\u00bbdefault\u00bb global_colors_info=\u00bb{}\u00bb theme_builder_area=\u00bbpost_content\u00bb][et_pb_accordion open_toggle_text_color=\u00bb#000000&#8243; closed_toggle_text_color=\u00bb#000000&#8243; toggle_icon=\u00bb&#x74;||divi||400&#8243; icon_color=\u00bb#000000&#8243; _builder_version=\u00bb4.27.5&#8243; _module_preset=\u00bbdefault\u00bb toggle_text_color=\u00bb#000000&#8243; toggle_font=\u00bb|600|||||||\u00bb global_colors_info=\u00bb{}\u00bb theme_builder_area=\u00bbpost_content\u00bb][et_pb_accordion_item title=\u00bbPREGUNTAS FRECUENTES\u00bb open=\u00bbon\u00bb _builder_version=\u00bb4.27.5&#8243; _module_preset=\u00bbdefault\u00bb background_color=\u00bb#E02B20&#8243; background_enable_color=\u00bbon\u00bb use_background_color_gradient=\u00bbon\u00bb background_color_gradient_direction=\u00bb228deg\u00bb background_color_gradient_stops=\u00bb#2d42e2 10%|#ff0000 37%|#e0e0e0 59%|#ffffff 83%\u00bb global_colors_info=\u00bb{}\u00bb toggle_level=\u00bbh4&#8243; toggle_font=\u00bbAnybody|700|||||||\u00bb theme_builder_area=\u00bbpost_content\u00bb][\/et_pb_accordion_item][et_pb_accordion_item title=\u00bb\u00bfPuedo aprender virtualmente a pilotar autom\u00f3viles de carrera para luego competir en la realidad?\u00bb _builder_version=\u00bb4.27.5&#8243; _module_preset=\u00bbdefault\u00bb global_colors_info=\u00bb{}\u00bb theme_builder_area=\u00bbpost_content\u00bb open=\u00bboff\u00bb]<\/p>\n<p>La conducci\u00f3n es un acto de sensaciones, de manera que la teor\u00eda a distancia o un si\u00edmulador por avanzado que este fuere, no<br \/>reemplazan la percepci\u00f3n de los sentidos afectados por la adrenalina y la emoci\u00f3n que genera la genuina conducci\u00f3n, fundamentalmente<br \/>en t\u00e9rminos de controlar el auto al l\u00edmite, objetivo fundamental del pilotaje de competici\u00f3n en el mundo real. Resumiendo, la mente y los<br \/>sentidos aprenden, experimentan y entrenan a partir de la din\u00e1mica que se percibe en el mismo instante de la aut\u00e9ntica acci\u00f3n, al volante<br \/>del b\u00f3lido y sobre la pista.<\/p>\n<p>[\/et_pb_accordion_item][et_pb_accordion_item title=\u00bb\u00bfPuede mi hijo\/hija menor de edad capacitarse en la Escuela de Pilotos?\u00bb _builder_version=\u00bb4.27.5&#8243; _module_preset=\u00bbdefault\u00bb global_colors_info=\u00bb{}\u00bb theme_builder_area=\u00bbpost_content\u00bb open=\u00bboff\u00bb]<\/p>\n<p>Si tu hijo o hija cuenta con los conocimientos b\u00e1sicos de manejo, o eventualmente tiene experiencia en Karting, <strong>a partir de los 14 a\u00f1os<\/strong><br \/>puede tomar cualquiera de los Cursos que dictamos. El \u00fanico requerimiento es la firma del convenio de responsabilidad y autorizaci\u00f3n<br \/>de sus padres o tutor, emitido por esta Escuela.<\/p>\n<p>[\/et_pb_accordion_item][et_pb_accordion_item title=\u00bb\u00bfHay l\u00edmite de edad para realizar los Cursos?\u00bb _builder_version=\u00bb4.27.5&#8243; _module_preset=\u00bbdefault\u00bb global_colors_info=\u00bb{}\u00bb theme_builder_area=\u00bbpost_content\u00bb open=\u00bboff\u00bb]<\/p>\n<p>No hay l\u00edmite de edad. Para las personas mayores es fundamental contar con la licencia de conducir vigente nacional, o del pa\u00eds de origen, de lo contrario una certificaci\u00f3n o licencia m\u00e9dica responsable que lo habilte para conducir autom\u00f3viles de calle.<\/p>\n<p>[\/et_pb_accordion_item][et_pb_accordion_item title=\u00bb\u00bfHay l\u00edmite de peso o altura para conducir los monoplazas? \u00bb _builder_version=\u00bb4.27.5&#8243; _module_preset=\u00bbdefault\u00bb global_colors_info=\u00bb{}\u00bb theme_builder_area=\u00bbpost_content\u00bb open=\u00bboff\u00bb]<\/p>\n<p>As\u00ed es. El peso m\u00e1ximo para conducir nuestros monoplazas es 90 Kg, y la altura m\u00e1xima 1,85 m. Las personas con mayor peso o altura, pueden realizar el Curso de Pilotos conduciendo los veh\u00edculos de turismo.<\/p>\n<p>[\/et_pb_accordion_item][et_pb_accordion_item title=\u00bb\u00bfSoy piloto de karting, es necesario que me capacite para correr en autos de turismo o formula? \u00bb _builder_version=\u00bb4.27.5&#8243; _module_preset=\u00bbdefault\u00bb global_colors_info=\u00bb{}\u00bb theme_builder_area=\u00bbpost_content\u00bb open=\u00bboff\u00bb]<\/p>\n<p>Si bien es importante la experiencia en Karting, es conveniente hacer el Curso de Pilotos, pues en un \u00e1mbito de contenci\u00f3n y seguridad, se aprenden y entrenan las t\u00e9cnicas de conducci\u00f3n necesarias para conducir un veh\u00edculo al l\u00edmite del mismo, objetivo del pilotaje en la competici\u00f3n.<\/p>\n<p>[\/et_pb_accordion_item][et_pb_accordion_item title=\u00bb\u00bfCu\u00e1l curso es el m\u00e1s apto para m\u00ed? \u00bb _builder_version=\u00bb4.27.5&#8243; _module_preset=\u00bbdefault\u00bb global_colors_info=\u00bb{}\u00bb theme_builder_area=\u00bbpost_content\u00bb open=\u00bboff\u00bb]<\/p>\n<p>Si deseas optimizar la conducci\u00f3n en t\u00e9rminos de seguridad y eres <strong>aficionado<\/strong> al automovilismo deportivo o entusiasta de Track Day, te recomendamos comenzar por el <strong>Curso Manejo Avanzado<\/strong> (6 clases). <br \/>Si adem\u00e1s tu idea es<strong> iniciar la carrera deportiva, o ya participas en alguna categor\u00eda<\/strong> promocional pero deseas superarte, te aconsejamos realizar el <strong>Curso Turismo Pista<\/strong> (12 clases), o bien la etapa superior, el <strong>Curso de Pilotos<\/strong> (20 clases). Una vez egresado del Curso de Pilotos, puedes seguir Sumando experiencia de Alto Rendimiento, para ello tienes la posibilidad de continuar con el <strong>Curso Posgrado<\/strong> (600 km de entrenamiento).<\/p>\n<p>[\/et_pb_accordion_item][et_pb_accordion_item title=\u00bb\u00bfD\u00f3nde y qu\u00e9 d\u00edas se dictan los Cursos? \u00bb _builder_version=\u00bb4.27.5&#8243; _module_preset=\u00bbdefault\u00bb global_colors_info=\u00bb{}\u00bb theme_builder_area=\u00bbpost_content\u00bb open=\u00bboff\u00bb]<\/p>\n<p>Los Cursos se dictan en el Aut\u00f3dromo Oscar y Juan Galvez los d\u00edas martes de 13 a 17 hs.<\/p>\n<p>[\/et_pb_accordion_item][et_pb_accordion_item title=\u00bbSoy del interior, \u00bfpuedo tomar m\u00e1s de una clase por d\u00eda? \u00bb _builder_version=\u00bb4.27.5&#8243; _module_preset=\u00bbdefault\u00bb global_colors_info=\u00bb{}\u00bb theme_builder_area=\u00bbpost_content\u00bb open=\u00bboff\u00bb]<\/p>\n<p>As\u00ed es, puedes tomar hasta 4 clases diarias, o tambi\u00e9n tienes la posibilidad de optar por el Curso de Pilotos Intensivo Exclusivo de dos d\u00edas integrales, enfocado precisamente a personas que deben cubrir largas distancias para as\u00edstir, o provenientes del exterior del pa\u00eds.<\/p>\n<p>[\/et_pb_accordion_item][et_pb_accordion_item title=\u00bb\u00bfEstoy obligado a cumplir determinadas fechas o puedo elegir? \u00bb _builder_version=\u00bb4.27.5&#8243; _module_preset=\u00bbdefault\u00bb global_colors_info=\u00bb{}\u00bb theme_builder_area=\u00bbpost_content\u00bb open=\u00bboff\u00bb]<\/p>\n<p>Adem\u00e1s de la calidad en el aprendizaje, la otra gran ventaja del curso personalizado es que puedes as\u00edstir en las fechas que te resulten m\u00e1s convenientes, sin depender de la as\u00edstencia de otros alumnos ni del armado de grupos.<\/p>\n<p>[\/et_pb_accordion_item][et_pb_accordion_item title=\u00bb\u00bfEntregan certificado de los Cursos? \u00bb _builder_version=\u00bb4.27.5&#8243; _module_preset=\u00bbdefault\u00bb global_colors_info=\u00bb{}\u00bb theme_builder_area=\u00bbpost_content\u00bb open=\u00bboff\u00bb]<\/p>\n<p>Por supuesto, Curso Turismo Pista, Curso de Pilotos y Curso Entrenamiento Posgrado. Visita nuestra secci\u00f3n <strong>Diplomas<\/strong>.<\/p>\n<p>[\/et_pb_accordion_item][et_pb_accordion_item title=\u00bbUna vez egresado del Curso de Pilotos, \u00bfqu\u00e9 posibilidades tengo de ingresar al mundo de la competici\u00f3n? \u00bb _builder_version=\u00bb4.27.5&#8243; _module_preset=\u00bbdefault\u00bb global_colors_info=\u00bb{}\u00bb theme_builder_area=\u00bbpost_content\u00bb open=\u00bboff\u00bb]<\/p>\n<p>Tal cu\u00e1l hemos procedido con muchos de nuestros Pilotos Egresados, podemos relacionarte con equipos de distintas categor\u00edas promocionales (monoplazas, sport prototipo, turismo), es decir, seg\u00fan tu preferencia en el automovilismo de competici\u00f3n.<\/p>\n<p>[\/et_pb_accordion_item][et_pb_accordion_item title=\u00bb\u00bfLuego de egresar del Curso de Pilotos, o Posgrado F3, puedo entrenarme con los monoplazas de la Escuela? \u00bb _builder_version=\u00bb4.27.5&#8243; _module_preset=\u00bbdefault\u00bb global_colors_info=\u00bb{}\u00bb theme_builder_area=\u00bbpost_content\u00bb open=\u00bboff\u00bb]<\/p>\n<p><strong>Ciertamente<\/strong>. La Escuela tambi\u00e9n te brinda la posibilidad de entrenarte con nuestras unidades despu\u00e9s de haber realizado alguno de los Cursos, con el valor agregado de continuar siendo orientado por instructores experimentados.<\/p>\n<p>[\/et_pb_accordion_item][et_pb_accordion_item title=\u00bb\u00bfPuedo alquilar un auto de f\u00f3rmula o turismo pista de la Escuela para probar o utilizarlos para un evento? \u00bb _builder_version=\u00bb4.27.5&#8243; _module_preset=\u00bbdefault\u00bb global_colors_info=\u00bb{}\u00bb theme_builder_area=\u00bbpost_content\u00bb open=\u00bboff\u00bb]<\/p>\n<p><strong>NO<\/strong>. No alquilamos ni prestamos nuestros monoplazas 0 autos de turismo. Estos veh\u00edculos son exclusivamente empleados para la instrucci\u00f3n durante los distinto Cursos, o el entrenamiento de Pilotos egresados del Curso correspondiente.<\/p>\n<p>[\/et_pb_accordion_item][\/et_pb_accordion][\/et_pb_column][\/et_pb_row][\/et_pb_section]<\/p>\n","protected":false},"excerpt":{"rendered":"<p>faqPREGUNTAS FRECUENTESLa conducci\u00f3n es un acto de sensaciones, de manera que la teor\u00eda a distancia o un si\u00edmulador por avanzado que este fuere, noreemplazan la percepci\u00f3n de los sentidos afectados por la adrenalina y la emoci\u00f3n que genera la genuina conducci\u00f3n, fundamentalmenteen t\u00e9rminos de controlar el auto al l\u00edmite, objetivo fundamental del pilotaje de competici\u00f3n [&hellip;]<\/p>\n","protected":false},"author":1,"featured_media":0,"parent":0,"menu_order":0,"comment_status":"closed","ping_status":"closed","template":"","meta":{"_et_pb_use_builder":"on","_et_pb_old_content":"","_et_gb_content_width":"","footnotes":""},"class_list":["post-174","page","type-page","status-publish","hentry"],"_links":{"self":[{"href":"https:\/\/racescueladepilotos.com.ar\/index.php\/wp-json\/wp\/v2\/pages\/174","targetHints":{"allow":["GET"]}}],"collection":[{"href":"https:\/\/racescueladepilotos.com.ar\/index.php\/wp-json\/wp\/v2\/pages"}],"about":[{"href":"https:\/\/racescueladepilotos.com.ar\/index.php\/wp-json\/wp\/v2\/types\/page"}],"author":[{"embeddable":true,"href":"https:\/\/racescueladepilotos.com.ar\/index.php\/wp-json\/wp\/v2\/users\/1"}],"replies":[{"embeddable":true,"href":"https:\/\/racescueladepilotos.com.ar\/index.php\/wp-json\/wp\/v2\/comments?post=174"}],"version-history":[{"count":3,"href":"https:\/\/racescueladepilotos.com.ar\/index.php\/wp-json\/wp\/v2\/pages\/174\/revisions"}],"predecessor-version":[{"id":177,"href":"https:\/\/racescueladepilotos.com.ar\/index.php\/wp-json\/wp\/v2\/pages\/174\/revisions\/177"}],"wp:attachment":[{"href":"https:\/\/racescueladepilotos.com.ar\/index.php\/wp-json\/wp\/v2\/media?parent=174"}],"curies":[{"name":"wp","href":"https:\/\/api.w.org\/{rel}","templated":true}]}}