{"id":131,"date":"2026-03-06T00:36:56","date_gmt":"2026-03-06T00:36:56","guid":{"rendered":"https:\/\/racescueladepilotos.com.ar\/?page_id=131"},"modified":"2026-03-13T02:11:37","modified_gmt":"2026-03-13T02:11:37","slug":"131-2","status":"publish","type":"page","link":"https:\/\/racescueladepilotos.com.ar\/index.php\/131-2\/","title":{"rendered":"CURSO DE PILOTOS"},"content":{"rendered":"<p>[et_pb_section fb_built=\u00bb1&#8243; custom_padding_last_edited=\u00bbon|phone\u00bb admin_label=\u00bbHeader\u00bb _builder_version=\u00bb4.27.5&#8243; _module_preset=\u00bbdefault\u00bb background_color=\u00bbRGBA(255,255,255,0)\u00bb use_background_color_gradient=\u00bbon\u00bb background_color_gradient_type=\u00bbcircular\u00bb background_color_gradient_direction_radial=\u00bbbottom\u00bb background_color_gradient_stops=\u00bbrgba(255,15,15,0.47) 1%|rgba(0,0,0,0.93) 100%\u00bb background_color_gradient_overlays_image=\u00bbon\u00bb background_color_gradient_start=\u00bbrgba(0,0,0,0.8)\u00bb background_color_gradient_end=\u00bbrgba(0,0,0,0.8)\u00bb background_image=\u00bbhttps:\/\/racescueladepilotos.com.ar\/wp-content\/uploads\/2026\/03\/objectivos34-scaled-1.jpg\u00bb custom_padding=\u00bb120px||0px||false|false\u00bb custom_padding_tablet=\u00bb80px||||false|false\u00bb custom_padding_phone=\u00bb60px||||false|false\u00bb locked=\u00bboff\u00bb global_colors_info=\u00bb{}\u00bb][et_pb_row _builder_version=\u00bb4.16&#8243; _module_preset=\u00bbdefault\u00bb global_colors_info=\u00bb{}\u00bb][et_pb_column type=\u00bb4_4&#8243; _builder_version=\u00bb4.16&#8243; _module_preset=\u00bbdefault\u00bb global_colors_info=\u00bb{}\u00bb][et_pb_text _builder_version=\u00bb4.27.5&#8243; _module_preset=\u00bbdefault\u00bb header_font=\u00bbMontserrat|900|on|on|||||\u00bb header_text_color=\u00bb#D5FF00&#8243; header_font_size=\u00bb165px\u00bb header_line_height=\u00bb0.7em\u00bb header_font_size_tablet=\u00bb60px\u00bb header_font_size_phone=\u00bb30px\u00bb header_font_size_last_edited=\u00bbon|phone\u00bb global_colors_info=\u00bb{%22gcid-5fba0126-308f-4f42-aa94-6c5d80831bca%22:%91%93}\u00bb]<\/p>\n<h1><span style=\"color: #ffffff;\">CURSO DE pILOTOS<\/span><\/h1>\n<p><span style=\"color: #ffffff;\"><\/span><\/p>\n<p>[\/et_pb_text][\/et_pb_column][\/et_pb_row][et_pb_row column_structure=\u00bb3_5,2_5&#8243; use_custom_gutter=\u00bbon\u00bb gutter_width=\u00bb1&#8243; make_equal=\u00bbon\u00bb _builder_version=\u00bb4.27.5&#8243; _module_preset=\u00bbdefault\u00bb background_color=\u00bb#E02B20&#8243; custom_margin=\u00bb100px||||false|false\u00bb custom_margin_tablet=\u00bb60px||||false|false\u00bb custom_margin_phone=\u00bb20px||||false|false\u00bb custom_margin_last_edited=\u00bbon|phone\u00bb custom_padding=\u00bb0px||0px||true|false\u00bb box_shadow_style=\u00bbpreset4&#8243; box_shadow_horizontal=\u00bb-20vw\u00bb box_shadow_vertical=\u00bb0px\u00bb box_shadow_color=\u00bb#FFFFFF\u00bb box_shadow_horizontal_tablet=\u00bb0vw\u00bb box_shadow_horizontal_phone=\u00bb\u00bb box_shadow_horizontal_last_edited=\u00bbon|phone\u00bb global_colors_info=\u00bb{}\u00bb][et_pb_column type=\u00bb3_5&#8243; _builder_version=\u00bb4.27.5&#8243; _module_preset=\u00bbdefault\u00bb use_background_color_gradient=\u00bbon\u00bb background_color_gradient_direction=\u00bb90deg\u00bb background_color_gradient_stops=\u00bb#b5790a 0%|rgba(255,255,255,0) 60%\u00bb background_color_gradient_overlays_image=\u00bbon\u00bb background_color_gradient_start=\u00bb#ffffff\u00bb background_color_gradient_end=\u00bbrgba(255,255,255,0)\u00bb background_image=\u00bbhttps:\/\/racescueladepilotos.com.ar\/wp-content\/uploads\/2026\/03\/Formula_4_crespi.jpg\u00bb parallax=\u00bbon\u00bb global_colors_info=\u00bb{}\u00bb][et_pb_divider color=\u00bb#E02B20&#8243; divider_weight=\u00bb0px\u00bb _builder_version=\u00bb4.27.5&#8243; _module_preset=\u00bb_initial\u00bb background_color=\u00bbRGBA(255,255,255,0)\u00bb min_height=\u00bb400px\u00bb min_height_tablet=\u00bb300px\u00bb min_height_phone=\u00bb180px\u00bb min_height_last_edited=\u00bbon|phone\u00bb global_colors_info=\u00bb{}\u00bb][\/et_pb_divider][\/et_pb_column][et_pb_column type=\u00bb2_5&#8243; _builder_version=\u00bb4.27.5&#8243; _module_preset=\u00bbdefault\u00bb background_color=\u00bb#e8610d\u00bb custom_padding=\u00bb40px|40px|40px|40px|true|true\u00bb custom_padding_tablet=\u00bb40px|40px|40px|40px|true|true\u00bb custom_padding_phone=\u00bb20px|20px|20px|20px|true|true\u00bb custom_padding_last_edited=\u00bbon|phone\u00bb global_colors_info=\u00bb{}\u00bb][et_pb_text _builder_version=\u00bb4.27.5&#8243; _module_preset=\u00bbdefault\u00bb text_font=\u00bb||||||||\u00bb text_text_color=\u00bb#FFFFFF\u00bb text_font_size=\u00bb16px\u00bb text_font_size_tablet=\u00bb15px\u00bb text_font_size_phone=\u00bb14px\u00bb text_font_size_last_edited=\u00bbon|desktop\u00bb locked=\u00bboff\u00bb global_colors_info=\u00bb{}\u00bb]<\/p>\n<p>La Conducci\u00f3n Deportiva de Competici\u00f3n equivale a recorrer una distancia dada en el menor tiempo posible, lo cual a su vez implica controlar el auto cercano al l\u00edmite de sus posibilidades y de la pista.<br \/>Lejos de esta delgada l\u00ednea, o excederla, la curva de rendimiento, tanto en cronos como en seguridad, cae abruptamente. Conservar el control de la m\u00e1quina cercano al l\u00edmite, es lo que hace la diferencia entre el \u00e9xito y el fracaso.<br \/>Raz\u00f3n fundamental de conocer y entrenar las T\u00e9cnicas al volante para entender c\u00f3mo, d\u00f3nde, cu\u00e1ndo y porqu\u00e9 el piloto debe ejecutar correctamente las distintas maniobras en el momento exacto seg\u00fan transita eficazmente cada sector del circuito.<\/p>\n<p>[\/et_pb_text][\/et_pb_column][\/et_pb_row][\/et_pb_section][et_pb_section fb_built=\u00bb1&#8243; admin_label=\u00bbServices\u00bb _builder_version=\u00bb4.22.2&#8243; _module_preset=\u00bbdefault\u00bb background_image=\u00bbhttps:\/\/racescueladepilotos.com.ar\/wp-content\/uploads\/2026\/03\/tennis-club-031.png\u00bb locked=\u00bboff\u00bb global_colors_info=\u00bb{}\u00bb][et_pb_row _builder_version=\u00bb4.16&#8243; _module_preset=\u00bbdefault\u00bb custom_padding=\u00bb||27px|||\u00bb global_colors_info=\u00bb{}\u00bb][et_pb_column type=\u00bb4_4&#8243; _builder_version=\u00bb4.16&#8243; _module_preset=\u00bbdefault\u00bb global_colors_info=\u00bb{}\u00bb][et_pb_text _builder_version=\u00bb4.27.5&#8243; _module_preset=\u00bbdefault\u00bb header_4_font=\u00bbMontserrat|800|on|on|||||\u00bb header_4_text_color=\u00bb#FFFFFF\u00bb header_4_font_size=\u00bb120px\u00bb header_4_line_height=\u00bb1.1em\u00bb text_orientation=\u00bbcenter\u00bb width=\u00bb100%\u00bb custom_margin=\u00bb||-80px||false|false\u00bb custom_margin_tablet=\u00bb||-50px||false|false\u00bb custom_margin_phone=\u00bb||-20px||false|false\u00bb custom_margin_last_edited=\u00bbon|phone\u00bb header_4_font_size_tablet=\u00bb80px\u00bb header_4_font_size_phone=\u00bb26px\u00bb header_4_font_size_last_edited=\u00bbon|phone\u00bb header_4_text_shadow_style=\u00bbpreset3&#8243; header_4_text_shadow_blur_strength=\u00bb0.01em\u00bb header_4_text_shadow_color=\u00bb#000000&#8243; header_4_text_shadow_blur_strength_tablet=\u00bb\u00bb header_4_text_shadow_blur_strength_phone=\u00bb0.03em\u00bb header_4_text_shadow_blur_strength_last_edited=\u00bbon|phone\u00bb global_colors_info=\u00bb{}\u00bb]<\/p>\n<h4>20 clases<\/h4>\n<p>[\/et_pb_text][et_pb_text _builder_version=\u00bb4.27.5&#8243; _module_preset=\u00bbdefault\u00bb header_2_font=\u00bbSyncopate|700||on|||||\u00bb header_2_text_color=\u00bb#000000&#8243; header_2_font_size=\u00bb60px\u00bb header_2_line_height=\u00bb1.2em\u00bb text_orientation=\u00bbcenter\u00bb header_2_font_size_tablet=\u00bb32px\u00bb header_2_font_size_phone=\u00bb20px\u00bb header_2_font_size_last_edited=\u00bbon|phone\u00bb locked=\u00bboff\u00bb global_colors_info=\u00bb{}\u00bb]<\/p>\n<h2>4 ETAPAS<\/h2>\n<p>[\/et_pb_text][\/et_pb_column][\/et_pb_row][et_pb_row column_structure=\u00bb1_2,1_2&#8243; _builder_version=\u00bb4.27.5&#8243; _module_preset=\u00bbdefault\u00bb global_colors_info=\u00bb{}\u00bb][et_pb_column type=\u00bb1_2&#8243; _builder_version=\u00bb4.27.5&#8243; _module_preset=\u00bbdefault\u00bb global_colors_info=\u00bb{}\u00bb][et_pb_image src=\u00bbhttps:\/\/racescueladepilotos.com.ar\/wp-content\/uploads\/2026\/03\/Curso-de-Pilotos-1-scaled-1.jpg\u00bb title_text=\u00bbCurso de Pilotos 1&#8243; _builder_version=\u00bb4.27.5&#8243; _module_preset=\u00bbdefault\u00bb width=\u00bb100%\u00bb max_width=\u00bb100%\u00bb global_colors_info=\u00bb{}\u00bb][\/et_pb_image][\/et_pb_column][et_pb_column type=\u00bb1_2&#8243; _builder_version=\u00bb4.27.5&#8243; _module_preset=\u00bbdefault\u00bb global_colors_info=\u00bb{}\u00bb][et_pb_image src=\u00bbhttps:\/\/racescueladepilotos.com.ar\/wp-content\/uploads\/2026\/03\/Curso-de-Pilotos-2-scaled-1.jpg\u00bb title_text=\u00bbCurso de Pilotos 2&#8243; _builder_version=\u00bb4.27.5&#8243; _module_preset=\u00bbdefault\u00bb width=\u00bb87%\u00bb custom_margin=\u00bb||17px|||\u00bb global_colors_info=\u00bb{}\u00bb][\/et_pb_image][\/et_pb_column][\/et_pb_row][et_pb_row column_structure=\u00bb1_3,1_3,1_3&#8243; use_custom_gutter=\u00bbon\u00bb gutter_width=\u00bb2&#8243; _builder_version=\u00bb4.16&#8243; _module_preset=\u00bbdefault\u00bb custom_padding=\u00bb15px|||||\u00bb locked=\u00bboff\u00bb global_colors_info=\u00bb{}\u00bb][et_pb_column type=\u00bb1_3&#8243; _builder_version=\u00bb4.16&#8243; _module_preset=\u00bbdefault\u00bb global_colors_info=\u00bb{}\u00bb][et_pb_image src=\u00bbhttps:\/\/racescueladepilotos.com.ar\/wp-content\/uploads\/2026\/03\/Curso-de-Pilotos-8-scaled-1.jpg\u00bb title_text=\u00bbCurso de Pilotos 8&#8243; _builder_version=\u00bb4.27.5&#8243; _module_preset=\u00bbdefault\u00bb global_colors_info=\u00bb{}\u00bb][\/et_pb_image][et_pb_image src=\u00bbhttps:\/\/racescueladepilotos.com.ar\/wp-content\/uploads\/2026\/03\/Curso-de-Pilotos-15-scaled-1.jpg\u00bb title_text=\u00bbCurso de Pilotos 15&#8243; _builder_version=\u00bb4.27.5&#8243; _module_preset=\u00bbdefault\u00bb global_colors_info=\u00bb{}\u00bb][\/et_pb_image][\/et_pb_column][et_pb_column type=\u00bb1_3&#8243; _builder_version=\u00bb4.16&#8243; _module_preset=\u00bbdefault\u00bb global_colors_info=\u00bb{}\u00bb][et_pb_image src=\u00bbhttps:\/\/racescueladepilotos.com.ar\/wp-content\/uploads\/2026\/03\/Curso-de-Pilotos-10-scaled-1.jpg\u00bb title_text=\u00bbCurso de Pilotos 10&#8243; _builder_version=\u00bb4.27.5&#8243; _module_preset=\u00bbdefault\u00bb global_colors_info=\u00bb{}\u00bb][\/et_pb_image][et_pb_image src=\u00bbhttps:\/\/racescueladepilotos.com.ar\/wp-content\/uploads\/2026\/03\/Curso-Pilotos-14-scaled-1.jpg\u00bb title_text=\u00bbCurso Pilotos 14&#8243; _builder_version=\u00bb4.27.5&#8243; _module_preset=\u00bbdefault\u00bb global_colors_info=\u00bb{}\u00bb][\/et_pb_image][\/et_pb_column][et_pb_column type=\u00bb1_3&#8243; _builder_version=\u00bb4.16&#8243; _module_preset=\u00bbdefault\u00bb global_colors_info=\u00bb{}\u00bb][et_pb_video src=\u00bbhttps:\/\/pablo-ester.com.ar\/wordpress\/wp-content\/uploads\/2026\/02\/Visita-Agustin-Canapino.webm\u00bb image_src=\u00bbhttps:\/\/racescueladepilotos.com.ar\/wp-content\/uploads\/2026\/03\/Canapino.jpg\u00bb _builder_version=\u00bb4.27.5&#8243; _module_preset=\u00bbdefault\u00bb global_colors_info=\u00bb{}\u00bb][\/et_pb_video][\/et_pb_column][\/et_pb_row][\/et_pb_section][et_pb_section fb_built=\u00bb1&#8243; prev_background_color=\u00bb#ffffff\u00bb _builder_version=\u00bb4.27.5&#8243; _module_preset=\u00bbdefault\u00bb use_background_color_gradient=\u00bbon\u00bb background_color_gradient_direction=\u00bb90deg\u00bb background_color_gradient_stops=\u00bb#ed6e00 28%|#f70e0e 100%\u00bb custom_padding=\u00bb6px||7px|||\u00bb top_divider_style=\u00bbslant\u00bb top_divider_height=\u00bb52px\u00bb global_colors_info=\u00bb{}\u00bb][et_pb_row _builder_version=\u00bb4.22.2&#8243; _module_preset=\u00bbdefault\u00bb custom_padding=\u00bb73px||47px|||\u00bb global_colors_info=\u00bb{}\u00bb][et_pb_column type=\u00bb4_4&#8243; _builder_version=\u00bb4.22.2&#8243; _module_preset=\u00bbdefault\u00bb global_colors_info=\u00bb{}\u00bb][et_pb_heading title=\u00bbPROGRAMA\u00bb _builder_version=\u00bb4.22.2&#8243; _module_preset=\u00bbdefault\u00bb title_font=\u00bb|800|||||||\u00bb title_text_color=\u00bb#FFFFFF\u00bb global_colors_info=\u00bb{}\u00bb][\/et_pb_heading][\/et_pb_column][\/et_pb_row][\/et_pb_section][et_pb_section fb_built=\u00bb1&#8243; _builder_version=\u00bb4.22.2&#8243; _module_preset=\u00bbdefault\u00bb custom_padding=\u00bb||18px|||\u00bb global_colors_info=\u00bb{}\u00bb][et_pb_row column_structure=\u00bb1_2,1_2&#8243; _builder_version=\u00bb4.22.2&#8243; _module_preset=\u00bbdefault\u00bb custom_padding=\u00bb9px||17px|||\u00bb global_colors_info=\u00bb{}\u00bb][et_pb_column type=\u00bb1_2&#8243; _builder_version=\u00bb4.22.2&#8243; _module_preset=\u00bbdefault\u00bb global_colors_info=\u00bb{}\u00bb][et_pb_text _builder_version=\u00bb4.27.5&#8243; _module_preset=\u00bbdefault\u00bb text_font=\u00bbWork Sans||||||||\u00bb header_3_font_size=\u00bb33px\u00bb custom_margin=\u00bb||3px|||\u00bb global_colors_info=\u00bb{}\u00bb]<\/p>\n<h3><span style=\"color: #000000;\"><strong>La tem\u00e1tica abarca &gt;&gt;<\/strong><\/span><\/h3>\n<p>[\/et_pb_text][et_pb_text _builder_version=\u00bb4.27.5&#8243; _module_preset=\u00bbdefault\u00bb text_font_size=\u00bb16px\u00bb header_4_font_size=\u00bb17px\u00bb header_4_line_height=\u00bb1.2em\u00bb custom_margin=\u00bb||13px|||\u00bb global_colors_info=\u00bb{}\u00bb]<\/p>\n<ul>\n<li><span>Ergonom\u00eda: Posici\u00f3n de manejo.<\/span><\/li>\n<li><span>Trayectorias Efectivas: \u00abSacrificar velocidad para ganar tiempo\u00bb<\/span><\/li>\n<li><span>Din\u00e1mica del auto: Transferencia de peso y factor adherencia<\/span><\/li>\n<li><span>Actitud del auto seg\u00fan maniobras y tipo de traccci\u00f3n (delantera y trasera)<\/span><\/li>\n<li><span>Balance din\u00e1mico en curva durante los tres sectores de la trayectoria<\/span><\/li>\n<li><span>T\u00e9cnicas y utilizaci\u00f3n correcta del freno en curva (trail-braking)<\/span><\/li>\n<li><span>Subviraje, sobreviraje y deslizamiento controlado.<\/span><\/li>\n<\/ul>\n<p>&nbsp;<\/p>\n<p>[\/et_pb_text][et_pb_text _builder_version=\u00bb4.27.5&#8243; _module_preset=\u00bbdefault\u00bb text_font_size=\u00bb16px\u00bb header_4_font_size=\u00bb28px\u00bb header_4_line_height=\u00bb1.2em\u00bb width=\u00bb73%\u00bb module_alignment=\u00bbright\u00bb global_colors_info=\u00bb{}\u00bb]<\/p>\n<h4><span>En las clases que siguen, el alumno comienza las pr\u00e1cticas acompa\u00f1ado por un instructor, quien lo asistir\u00e1 permanentemente evaluando su progreso para avanzar a la siguiente fase<\/span><\/h4>\n<p>[\/et_pb_text][\/et_pb_column][et_pb_column type=\u00bb1_2&#8243; _builder_version=\u00bb4.22.2&#8243; _module_preset=\u00bbdefault\u00bb global_colors_info=\u00bb{}\u00bb][et_pb_text _builder_version=\u00bb4.27.5&#8243; _module_preset=\u00bbdefault\u00bb text_font_size=\u00bb16px\u00bb header_2_font=\u00bbWork Sans||||||||\u00bb header_4_font_size=\u00bb17px\u00bb header_4_line_height=\u00bb1.2em\u00bb custom_margin=\u00bb||48px|||\u00bb global_colors_info=\u00bb{}\u00bb]<\/p>\n<h3><span style=\"text-decoration: underline;\">:: Fase de Entrenamiento<\/span>\u00a0<\/h3>\n<p><strong>Series al r\u00e9gimen m\u00e1ximo de motor<br \/><\/strong><\/p>\n<p><span>El objetivo de esta etapa es mejorar paulativamente los tiempos de vuelta, logrando un ritmo consistente como resultado de ensayar las t\u00e9cnicas que ha ido aprendiendo durante el curso.<\/span><\/p>\n<p>[\/et_pb_text][et_pb_text _builder_version=\u00bb4.27.5&#8243; _module_preset=\u00bbdefault\u00bb text_font_size=\u00bb16px\u00bb header_2_font=\u00bbWork Sans||||||||\u00bb header_4_font_size=\u00bb17px\u00bb header_4_line_height=\u00bb1.2em\u00bb global_colors_info=\u00bb{}\u00bb]<\/p>\n<h3><span style=\"text-decoration: underline;\">:: Fase de Alta Performance<\/span>\u00a0<\/h3>\n<p><strong>Series de entrenamiento final<\/strong><\/p>\n<p><span>En la fase final, el piloto experimenta<strong>\u00a0el m\u00e1ximo de su potencial<\/strong>, descubriendo entonces los secretos de la velocidad, pero\u00a0<strong>con la seguridad de controlar el auto<\/strong>\u00a0y sus l\u00edmites.<\/span><\/p>\n<p><span>Durante el desarrollo del curso, el alumno se encuentra bajo la\u00a0<strong>observaci\u00f3n de los experimentados instructores<\/strong>, quienes gu\u00edan su progreso por medio de charlas previas y posteriores a cada clase pr\u00e1ctica, atiendiendo en todo momento las consultas del piloto.<\/span><\/p>\n<p><span><strong>La\u00a0distancia total recorrida en pista al finalizar el Curso de Pilotos es de 600 Km<\/strong>., transitando uno de los circuitos t\u00e9cnicamente m\u00e1s exigente y seguro del Aut\u00f3dromo de Buenos Aires conduciendo\u00a0 los nuevos y estupendos monoplazas\u00a0<em><strong>Crespi Tulia 25, 1.6 &#8211; 16v.<\/strong><\/em><\/span><\/p>\n<p>[\/et_pb_text][et_pb_text _builder_version=\u00bb4.27.5&#8243; _module_preset=\u00bbdefault\u00bb text_font_size=\u00bb16px\u00bb header_4_font_size=\u00bb17px\u00bb header_4_line_height=\u00bb1.2em\u00bb global_colors_info=\u00bb{}\u00bb]<\/p>\n<h4><span>Los d\u00edas de lluvia desarrolamos Clases de Instrucci\u00f3n Personal en las que se ponen en pr\u00e1ctica las t\u00e9cnicas espec\u00edficas de manejo sobre piso mojado: reacci\u00f3n precisa del piloto, deslizamiento controlado,\u00a0lectura del asfalto y las trayectorias adecuadas, relaci\u00f3n entre volante, acelerador y freno dependiendo del tipo de tracci\u00f3n, maniobra correcta en situaci\u00f3n de trompo, entre otros oportunos consejos respecto a la p\u00e9rdida de adherencia.\u00a0<\/span><\/h4>\n<p>[\/et_pb_text][\/et_pb_column][\/et_pb_row][et_pb_row _builder_version=\u00bb4.27.5&#8243; _module_preset=\u00bbdefault\u00bb custom_padding=\u00bb||2px|||\u00bb global_colors_info=\u00bb{}\u00bb][et_pb_column type=\u00bb4_4&#8243; _builder_version=\u00bb4.27.5&#8243; _module_preset=\u00bbdefault\u00bb global_colors_info=\u00bb{}\u00bb][et_pb_divider color=\u00bb#ff5d00&#8243; divider_weight=\u00bb2px\u00bb _builder_version=\u00bb4.27.5&#8243; _module_preset=\u00bb_initial\u00bb custom_margin=\u00bb||57px|||\u00bb global_colors_info=\u00bb{}\u00bb][\/et_pb_divider][\/et_pb_column][\/et_pb_row][et_pb_row column_structure=\u00bb1_2,1_2&#8243; _builder_version=\u00bb4.27.5&#8243; _module_preset=\u00bbdefault\u00bb custom_padding=\u00bb19px||7px|||\u00bb global_colors_info=\u00bb{}\u00bb][et_pb_column type=\u00bb1_2&#8243; _builder_version=\u00bb4.27.5&#8243; _module_preset=\u00bbdefault\u00bb global_colors_info=\u00bb{}\u00bb][et_pb_text _builder_version=\u00bb4.27.5&#8243; _module_preset=\u00bbdefault\u00bb text_font_size=\u00bb16px\u00bb header_3_font=\u00bbAlbert Sans||||||||\u00bb header_3_font_size=\u00bb43px\u00bb header_4_font_size=\u00bb17px\u00bb header_4_line_height=\u00bb1.2em\u00bb custom_margin=\u00bb||13px|||\u00bb global_colors_info=\u00bb{}\u00bb]<\/p>\n<h3>CL\u00cdNICA ORIENTADA A<br \/>PILOTOS EN ACTIVIDAD:<\/h3>\n<p>[\/et_pb_text][et_pb_text _builder_version=\u00bb4.27.5&#8243; _module_preset=\u00bbdefault\u00bb global_colors_info=\u00bb{}\u00bb]<\/p>\n<p><span>Precisamente el objetivo de nuestra Cl\u00ednica es optimizar el potencial del piloto en ejercicio, pues m\u00e1s all\u00e1 de su habilidad natural, si adem\u00e1s aplica las t\u00e9cnicas de manejo adecuadas, no solo aprovechar\u00e1 en mayor medida su capacidad al volante, sino tambi\u00e9n, podr\u00e1 interpretar certeramente el comportamiento del auto para transmitirlo con precisi\u00f3n a su preparador, lo cual facilita y agiliza la correcta puesta a punto. Cuanto m\u00e1s exacta resulte la informaci\u00f3n del piloto a su equipo, m\u00e1s efectivo ser\u00e1 el \u201cset-up\u201d del b\u00f3lido.<\/span><\/p>\n<p><span>Por ejemplo, la puesta a punto depende de d\u00f3nde el auto revela una actitud determinada, ya que los ajustes no son equivalentes si la actitud subvirante (deriva del eje delantero) se produce al ingreso de una curva lenta, respecto a la misma actitud egresando de \u00e9sta; igualmente en cuanto al sobreviraje (deriva del eje trasero). Resumiendo, a igual actitud dependiendo de la zona en que el veh\u00edculo la manifieste, el reglaje de las suspensiones es diametralmente opuesto.<\/span><\/p>\n<p><span>Este ejemplo, entre otros, demuestra la importancia de una definici\u00f3n precisa por parte del piloto respecto \u201cal c\u00f3mo, d\u00f3nde y cu\u00e1ndo\u201d se comporta el auto. Para lo cual es fundamental ejecutar un pilotaje t\u00e9cnicamente correcto, de lo contrario se hace muy dif\u00edcil identificar si los problemas que impiden mejorar el desempe\u00f1o en pista residen en el auto, o en realidad es consecuencia de una conducci\u00f3n err\u00f3nea.<\/span><\/p>\n<p>[\/et_pb_text][\/et_pb_column][et_pb_column type=\u00bb1_2&#8243; _builder_version=\u00bb4.27.5&#8243; _module_preset=\u00bbdefault\u00bb global_colors_info=\u00bb{}\u00bb][et_pb_text _builder_version=\u00bb4.27.5&#8243; _module_preset=\u00bbdefault\u00bb text_font_size=\u00bb16px\u00bb header_4_font=\u00bbWork Sans||||||||\u00bb header_4_font_size=\u00bb26px\u00bb header_4_line_height=\u00bb1.2em\u00bb width=\u00bb74%\u00bb global_colors_info=\u00bb{}\u00bb]<\/p>\n<h4><strong><span>\u00abEn el deporte siempre es posible progresar, el esfuerzo permanente<br \/>por mejorar el desempe\u00f1o, significa superarse.<\/p>\n<p>Solo es cuesti\u00f3n de propon\u00e9rselo\u00bb<\/span><\/strong><\/h4>\n<p>[\/et_pb_text][\/et_pb_column][\/et_pb_row][\/et_pb_section][et_pb_section fb_built=\u00bb1&#8243; _builder_version=\u00bb4.27.5&#8243; _module_preset=\u00bbdefault\u00bb custom_padding=\u00bb5px||12px|||\u00bb global_colors_info=\u00bb{}\u00bb][et_pb_row _builder_version=\u00bb4.27.5&#8243; _module_preset=\u00bbdefault\u00bb custom_padding=\u00bb15px||6px|||\u00bb global_colors_info=\u00bb{}\u00bb][et_pb_column type=\u00bb4_4&#8243; _builder_version=\u00bb4.27.5&#8243; _module_preset=\u00bbdefault\u00bb global_colors_info=\u00bb{}\u00bb][et_pb_text _builder_version=\u00bb4.27.5&#8243; _module_preset=\u00bbdefault\u00bb text_font_size=\u00bb17px\u00bb global_colors_info=\u00bb{}\u00bb]<\/p>\n<p><span>* <em>Una vez egresado del Curso de Pilotos, te ofrecemos la oportunidad de continuar perfeccionando tu nivel de pilotaje con el <strong>Curso de Entrenamiento Posgrado<\/strong><\/em><\/span><\/p>\n<p>[\/et_pb_text][\/et_pb_column][\/et_pb_row][\/et_pb_section][et_pb_section fb_built=\u00bb1&#8243; prev_background_color=\u00bb#ffffff\u00bb _builder_version=\u00bb4.27.5&#8243; _module_preset=\u00bbdefault\u00bb background_color=\u00bb#e5e5e5&#8243; custom_margin=\u00bb41px|||||\u00bb custom_padding=\u00bb76px||8px|||\u00bb top_divider_style=\u00bbwave\u00bb locked=\u00bboff\u00bb global_colors_info=\u00bb{}\u00bb][et_pb_row _builder_version=\u00bb4.27.5&#8243; _module_preset=\u00bbdefault\u00bb custom_margin=\u00bb36px|auto||auto||\u00bb custom_padding=\u00bb10px||31px|||\u00bb global_colors_info=\u00bb{}\u00bb][et_pb_column type=\u00bb4_4&#8243; _builder_version=\u00bb4.27.5&#8243; _module_preset=\u00bbdefault\u00bb global_colors_info=\u00bb{}\u00bb][et_pb_button button_url=\u00bbhttps:\/\/wa.me\/5491165330413\/?text=M\u00e1s%20info%20del%20CURSO%20DE%20PILOTOS,%20por%20favor\u00bb url_new_window=\u00bbon\u00bb button_text=\u00bbinfo x whatssapp\u00bb button_alignment=\u00bbcenter\u00bb _builder_version=\u00bb4.27.6&#8243; _module_preset=\u00bbdefault\u00bb custom_button=\u00bbon\u00bb button_text_size=\u00bb14px\u00bb button_text_color=\u00bb#000000&#8243; button_bg_color=\u00bb#7CDA24&#8243; button_border_width=\u00bb0px\u00bb button_border_radius=\u00bb0px\u00bb button_letter_spacing=\u00bb2px\u00bb button_font=\u00bbSyncopate|700||on|||||\u00bb button_use_icon=\u00bboff\u00bb custom_padding=\u00bb18px|30px|18px|30px|true|true\u00bb custom_padding_tablet=\u00bb16px|25px|16px|25px|true|true\u00bb custom_padding_phone=\u00bb14px|20px|14px|20px|true|true\u00bb custom_padding_last_edited=\u00bbon|phone\u00bb hover_enabled=\u00bb0&#8243; global_colors_info=\u00bb{}\u00bb button_text_color__hover=\u00bb#D5FF00&#8243; button_text_color__hover_enabled=\u00bbon|hover\u00bb sticky_enabled=\u00bb0&#8243;][\/et_pb_button][et_pb_text _builder_version=\u00bb4.27.5&#8243; _module_preset=\u00bbdefault\u00bb text_font_size=\u00bb20px\u00bb text_orientation=\u00bbcenter\u00bb global_colors_info=\u00bb{}\u00bb]<\/p>\n<p><span style=\"text-decoration: underline;\"><strong>Contacto por correo electr\u00f3nico:<\/strong><\/span><\/p>\n<p><span><span><\/span><\/span><\/p>\n<p><span><span id=\"cloaka6ec4aba6d0cb7ba62a33ba3d87c5d29\"><a href=\"mailto:escueladepilotos@jbianchirac.com.ar\">escueladepilotos@jbianchirac.com.ar<\/a><\/p>\n<p><\/span><\/span><span><span id=\"cloaka6ec4aba6d0cb7ba62a33ba3d87c5d29\"><\/span><\/span><span><span id=\"cloakd3571d1e85e1868a8611e8a22e763ad3\"><a href=\"mailto:rac@racingadvancedcourse.com\">rac@racingadvancedcourse.com<\/a><\/span><\/span><\/p>\n<p>[\/et_pb_text][\/et_pb_column][\/et_pb_row][\/et_pb_section]<\/p>\n","protected":false},"excerpt":{"rendered":"<p>CURSO DE pILOTOS La Conducci\u00f3n Deportiva de Competici\u00f3n equivale a recorrer una distancia dada en el menor tiempo posible, lo cual a su vez implica controlar el auto cercano al l\u00edmite de sus posibilidades y de la pista.Lejos de esta delgada l\u00ednea, o excederla, la curva de rendimiento, tanto en cronos como en seguridad, cae [&hellip;]<\/p>\n","protected":false},"author":1,"featured_media":0,"parent":0,"menu_order":0,"comment_status":"closed","ping_status":"closed","template":"","meta":{"_et_pb_use_builder":"on","_et_pb_old_content":"","_et_gb_content_width":"","footnotes":""},"class_list":["post-131","page","type-page","status-publish","hentry"],"_links":{"self":[{"href":"https:\/\/racescueladepilotos.com.ar\/index.php\/wp-json\/wp\/v2\/pages\/131","targetHints":{"allow":["GET"]}}],"collection":[{"href":"https:\/\/racescueladepilotos.com.ar\/index.php\/wp-json\/wp\/v2\/pages"}],"about":[{"href":"https:\/\/racescueladepilotos.com.ar\/index.php\/wp-json\/wp\/v2\/types\/page"}],"author":[{"embeddable":true,"href":"https:\/\/racescueladepilotos.com.ar\/index.php\/wp-json\/wp\/v2\/users\/1"}],"replies":[{"embeddable":true,"href":"https:\/\/racescueladepilotos.com.ar\/index.php\/wp-json\/wp\/v2\/comments?post=131"}],"version-history":[{"count":4,"href":"https:\/\/racescueladepilotos.com.ar\/index.php\/wp-json\/wp\/v2\/pages\/131\/revisions"}],"predecessor-version":[{"id":822,"href":"https:\/\/racescueladepilotos.com.ar\/index.php\/wp-json\/wp\/v2\/pages\/131\/revisions\/822"}],"wp:attachment":[{"href":"https:\/\/racescueladepilotos.com.ar\/index.php\/wp-json\/wp\/v2\/media?parent=131"}],"curies":[{"name":"wp","href":"https:\/\/api.w.org\/{rel}","templated":true}]}}